{"id":553,"date":"2017-07-21T11:20:30","date_gmt":"2017-07-21T10:20:30","guid":{"rendered":"https:\/\/artifexcomics.fr\/?post_type=product&#038;p=553"},"modified":"2026-01-05T14:35:30","modified_gmt":"2026-01-05T13:35:30","slug":"jean-paul-belmondo-magnifique","status":"publish","type":"product","link":"https:\/\/artifexcomics.fr\/index.php\/produit\/jean-paul-belmondo-magnifique\/","title":{"rendered":"Belmondo  &#8220;Le Magnifique&#8221;  Saint-Emett  costume rose"},"content":{"rendered":"<p>&nbsp;<\/p>\n<p><span style=\"color: #000000;\"><strong>Figurine caricature de\u00a0 Jean-Paul Belmondo alias Bob Sinclar tir\u00e9 du film &#8220;Le Magnifique&#8221;<\/strong> 1973 Philippe de Brocca<\/span><\/p>\n<p>Cr\u00e9ation sculpture de St\u00e9phane Saint-Emett.<\/p>\n<p><span style=\"color: #000000;\">Statuette num\u00e9rot\u00e9e en s\u00e9rie limit\u00e9e \u00e0 250 exemplaires cr\u00e9ation St\u00e9phane Saint-Emett.<\/span><\/p>\n<p>Il existe 2 versions celle-ci avec un costume rose et un JP Belmondo en costume bleu.<br \/>\n<span style=\"color: #000000;\"> R\u00e9sine moul\u00e9e, et peinte \u00e0 la main, certificat d&#8217;authenticit\u00e9 sign\u00e9 et num\u00e9rot\u00e9 par le sculpteur St\u00e9phane Saint-Emett.<\/span><br \/>\n<span style=\"color: #000000;\"> Hauteur\u00a0 environ 40 cm<\/span><\/p>\n<p>poids environ 4 kg<\/p>\n<p><span style=\"color: #000000;\">Possibilit\u00e9 d&#8217;avoir un certificat d\u00e9dicac\u00e9 par le cr\u00e9ateur Saint-Emett.<\/span><\/p>\n<p><strong>Fabrication artisanale<\/strong><\/p>\n<p><strong>Livraison Colissimo offerte pour la France uniquement<\/strong><\/p>\n<p>En cas de rupture, contactez-nous par <strong>artifexcomics.sl@gmail.com<\/strong> pour r\u00e9server votre exemplaire sur le prochain arrivage de l&#8217;atelier.<\/p>\n<p><strong>Pour r\u00e9gler par PayPal ou CB :<\/strong><\/p>\n<p><strong>1.visualisez votre panier\u00a0 .\u00a0<\/strong><\/p>\n<p><strong>2<\/strong>.\u00a0<strong>choisissez avant de le valider l&#8217;icone correspondante PayPal ou CB en bas\u00a0 de l&#8217;\u00e9cran<\/strong><\/p>\n<p><strong>3.<\/strong>\u00a0<strong>Ensuite validez votre commande<\/strong><\/p>\n<p>&nbsp;<\/p>\n<p><span style=\"color: #000000;\"><strong>&#8221;\u00a0Lorsque je vois une abeille porter le pollen de fleurs en fleurs et perp\u00e9tuer ainsi la vie, j&#8217;ai presque les larmes aux yeux.&#8221;<\/strong><\/span><\/p>\n<blockquote><p>\u00ab\u00a0[&#8230;] Avec malice et brio, Philippe de Broca propose deux films en un\u00a0: com\u00e9die sociale et sentimentale pleine d&#8217;humour et d&#8217;invention\u00a0; parodie d&#8217;espionnage, cocasse et speed\u00e9e \u00e0 souhait, avec gros bras, belles plantes et fusillades en milieu exotique.<\/p>\n<p>Ce dr\u00f4le de va-et-vient entre fantasmes et r\u00e9alit\u00e9 fait gaillardement l&#8217;\u00e9loge du r\u00eave, qui enrubanne de couleurs vives la grisaille. Quant \u00e0 Jean-Paul Belmondo, il tient une forme olympique\u00a0: et que je cabotine, et que je pirouette. Un vrai feu d&#8217;artifice<sup id=\"cite_ref-2\" class=\"reference\"><a href=\"https:\/\/fr.wikipedia.org\/wiki\/Le_Magnifique_(film,_1973)#cite_note-2\">2<\/a><\/sup>.\u00a0\u00bb<\/p><\/blockquote>\n<p>\u2014\u00a0C\u00e9cile Mury, extrait de\u00a0<i><a title=\"T\u00e9l\u00e9rama\" href=\"https:\/\/fr.wikipedia.org\/wiki\/T%C3%A9l%C3%A9rama\">T\u00e9l\u00e9rama<\/a><\/i>\u00a0du 3 octobre 2009.<\/p>\n<p>&nbsp;<\/p>\n","protected":false},"excerpt":{"rendered":"<p>&nbsp; Figurine caricature de\u00a0 Jean-Paul Belmondo alias Bob Sinclar tir\u00e9 du film &#8220;Le Magnifique&#8221; 1973 Philippe de Brocca Cr\u00e9ation sculpture de St\u00e9phane Saint-Emett. Statuette num\u00e9rot\u00e9e en s\u00e9rie limit\u00e9e \u00e0 250 exemplaires cr\u00e9ation St\u00e9phane Saint-Emett. Il [&hellip;]<\/p>\n","protected":false},"featured_media":2122,"comment_status":"closed","ping_status":"closed","template":"","meta":[],"product_brand":[],"product_cat":[30,28],"product_tag":[],"class_list":{"0":"post-553","1":"product","2":"type-product","3":"status-publish","4":"has-post-thumbnail","6":"product_cat-belmondo","7":"product_cat-le-magnifique","8":"clearfix","10":"first","11":"outofstock","12":"taxable","13":"shipping-taxable","14":"purchasable","15":"product-type-simple"},"_links":{"self":[{"href":"https:\/\/artifexcomics.fr\/index.php\/wp-json\/wp\/v2\/product\/553","targetHints":{"allow":["GET"]}}],"collection":[{"href":"https:\/\/artifexcomics.fr\/index.php\/wp-json\/wp\/v2\/product"}],"about":[{"href":"https:\/\/artifexcomics.fr\/index.php\/wp-json\/wp\/v2\/types\/product"}],"replies":[{"embeddable":true,"href":"https:\/\/artifexcomics.fr\/index.php\/wp-json\/wp\/v2\/comments?post=553"}],"wp:featuredmedia":[{"embeddable":true,"href":"https:\/\/artifexcomics.fr\/index.php\/wp-json\/wp\/v2\/media\/2122"}],"wp:attachment":[{"href":"https:\/\/artifexcomics.fr\/index.php\/wp-json\/wp\/v2\/media?parent=553"}],"wp:term":[{"taxonomy":"product_brand","embeddable":true,"href":"https:\/\/artifexcomics.fr\/index.php\/wp-json\/wp\/v2\/product_brand?post=553"},{"taxonomy":"product_cat","embeddable":true,"href":"https:\/\/artifexcomics.fr\/index.php\/wp-json\/wp\/v2\/product_cat?post=553"},{"taxonomy":"product_tag","embeddable":true,"href":"https:\/\/artifexcomics.fr\/index.php\/wp-json\/wp\/v2\/product_tag?post=553"}],"curies":[{"name":"wp","href":"https:\/\/api.w.org\/{rel}","templated":true}]}}