{"id":3472,"date":"2026-05-08T16:19:29","date_gmt":"2026-05-08T15:19:29","guid":{"rendered":"https:\/\/artifexcomics.fr\/?post_type=product&#038;p=3472"},"modified":"2026-05-08T16:19:29","modified_gmt":"2026-05-08T15:19:29","slug":"7-ronay-porte-flingue-par-saint-emett","status":"publish","type":"product","link":"https:\/\/artifexcomics.fr\/index.php\/produit\/7-ronay-porte-flingue-par-saint-emett\/","title":{"rendered":"7. Ronay (porte-flingue) par Saint-Emett"},"content":{"rendered":"<p>Figurine caricaturale de Ronay cr\u00e9\u00e9e par le sculpteur St\u00e9phane Saint-Emett inspir\u00e9e du film &#8220;Les Tontons Flingueurs&#8221;<\/p>\n<p><strong>Stock limit\u00e9, pas de r\u00e9\u00e9dition possible.<\/strong><\/p>\n<p>Malheureusement cette s\u00e9rie de caricatures inspir\u00e9es du film des &#8220;Tontons Flingueurs&#8221; s&#8217;arr\u00eatent, l&#8217;atelier qui fabriquent depuis de nombreuses ann\u00e9es ayant ferm\u00e9.<\/p>\n<p>Une nouvelle collection de caricatures, diff\u00e9rentes, de taille plus petite sont en cours de sculpture par St\u00e9phane Saint-Emett pour le dernier trimestre 2026. Plus d&#8217;infos sur les cr\u00e9ations en cours sur le FB ou Insta Saint-Emett.<\/p>\n<p>Figurine de collection moulage en r\u00e9sine et peint \u00e0 la main. Hauteur environ 34 cm.<\/p>\n<p>Livr\u00e9e avec certificat d&#8217;authenticit\u00e9 sign\u00e9 de l&#8217;artiste Saint-Emett et sa signature sous le socle.<\/p>\n<p>Fabrication U.E.<\/p>\n<p>Pour toute question, n&#8217;h\u00e9sitez pas me joindre par\u00a0 <b>\u00a0artifexcomics.sl@gmail.com<\/b><\/p>\n","protected":false},"excerpt":{"rendered":"<p>Figurine caricaturale de Ronay cr\u00e9\u00e9e par le sculpteur St\u00e9phane Saint-Emett inspir\u00e9e du film &#8220;Les Tontons Flingueurs&#8221; Stock limit\u00e9, pas de r\u00e9\u00e9dition possible. Malheureusement cette s\u00e9rie de caricatures inspir\u00e9es du film des &#8220;Tontons Flingueurs&#8221; s&#8217;arr\u00eatent, l&#8217;atelier [&hellip;]<\/p>\n","protected":false},"featured_media":3141,"comment_status":"open","ping_status":"closed","template":"","meta":[],"product_brand":[],"product_cat":[26],"product_tag":[],"class_list":{"0":"post-3472","1":"product","2":"type-product","3":"status-publish","4":"has-post-thumbnail","6":"product_cat-tontons-flingueurs","7":"clearfix","9":"first","10":"instock","11":"taxable","12":"shipping-taxable","13":"purchasable","14":"product-type-simple"},"_links":{"self":[{"href":"https:\/\/artifexcomics.fr\/index.php\/wp-json\/wp\/v2\/product\/3472","targetHints":{"allow":["GET"]}}],"collection":[{"href":"https:\/\/artifexcomics.fr\/index.php\/wp-json\/wp\/v2\/product"}],"about":[{"href":"https:\/\/artifexcomics.fr\/index.php\/wp-json\/wp\/v2\/types\/product"}],"replies":[{"embeddable":true,"href":"https:\/\/artifexcomics.fr\/index.php\/wp-json\/wp\/v2\/comments?post=3472"}],"wp:featuredmedia":[{"embeddable":true,"href":"https:\/\/artifexcomics.fr\/index.php\/wp-json\/wp\/v2\/media\/3141"}],"wp:attachment":[{"href":"https:\/\/artifexcomics.fr\/index.php\/wp-json\/wp\/v2\/media?parent=3472"}],"wp:term":[{"taxonomy":"product_brand","embeddable":true,"href":"https:\/\/artifexcomics.fr\/index.php\/wp-json\/wp\/v2\/product_brand?post=3472"},{"taxonomy":"product_cat","embeddable":true,"href":"https:\/\/artifexcomics.fr\/index.php\/wp-json\/wp\/v2\/product_cat?post=3472"},{"taxonomy":"product_tag","embeddable":true,"href":"https:\/\/artifexcomics.fr\/index.php\/wp-json\/wp\/v2\/product_tag?post=3472"}],"curies":[{"name":"wp","href":"https:\/\/api.w.org\/{rel}","templated":true}]}}