{"id":318,"date":"2016-11-13T14:15:41","date_gmt":"2016-11-13T13:15:41","guid":{"rendered":"https:\/\/artifexcomics.fr\/?post_type=product&#038;p=318"},"modified":"2026-04-09T09:23:42","modified_gmt":"2026-04-09T08:23:42","slug":"louis-de-funes-rabbi-jacob-saint-emett","status":"publish","type":"product","link":"https:\/\/artifexcomics.fr\/index.php\/produit\/louis-de-funes-rabbi-jacob-saint-emett\/","title":{"rendered":"Louis de Funes : figurine  &#8220;Rabbi jacob&#8221;  par Saint-Emett"},"content":{"rendered":"<h3><\/h3>\n<p><span style=\"color: #000000;\">Le sculpteur St\u00e9phane Saint-Emett rend hommage \u00e0 Louis de Fun\u00e8s, caricature tir\u00e9e du film &#8220;les aventures de Rabbi Jacob&#8221; 1973 G\u00e9rard Oury.<\/span><\/p>\n<p><span style=\"color: #000000;\"><span style=\"color: #000000;\"><b>Louis de Fun\u00e8s\u00a0est Victor Pivert<\/b><\/span><\/span><\/p>\n<p><span style=\"color: #000000;\">Statuette sculpt\u00e9e par Saint-Emett<\/span><\/p>\n<p><span style=\"color: #000000;\">Certificat d\u2019authenticit\u00e9 sign\u00e9 par l&#8217;artiste, figurine en r\u00e9sine pleine, peinte \u00e0 la main<\/span><br \/>\n<span style=\"color: #000000;\"> hauteur environ 35 cm<\/span><\/p>\n<p><span style=\"color: #000000;\">Possibilit\u00e9 d&#8217;avoir un certificat d\u00e9dicac\u00e9 par le cr\u00e9ateur Saint-Emett<\/span><\/p>\n<p><strong><span style=\"color: #000000;\">&#8221; Demande lui de te r\u00e9embaucher, il te dira voui, demande lui de t&#8217;augmenter il te dira voui ! De me doubler\u00a0 ? il te dira voui ! De me tripler &#8230; il te dira NON ! &#8221;\u00a0 \u00a0 \u00a0 Victor Pivert d\u00e9guis\u00e9 en Salomon<\/span><\/strong><\/p>\n<p><strong>Fabrication artisanale<\/strong><\/p>\n<p><strong>Livraison Colissimo offerte pour la France uniquement<\/strong><\/p>\n<p>En cas de rupture, contactez-nous par <strong>artifexcomics.sl@gmail.com<\/strong> pour r\u00e9server votre exemplaire sur le prochain arrivage de l&#8217;atelier.<\/p>\n<p><strong>Pour r\u00e9gler par PayPal ou CB :<\/strong><\/p>\n<p><strong>1.visualisez votre panier\u00a0 .\u00a0<\/strong><\/p>\n<p><strong>2<\/strong>.\u00a0<strong>choisissez avant de le valider l&#8217;icone correspondante PayPal ou CB en bas\u00a0 de l&#8217;\u00e9cran<\/strong><\/p>\n<p><strong>3.<\/strong>\u00a0<strong>Ensuite validez votre commande<\/strong><\/p>\n<p>&nbsp;<\/p>\n","protected":false},"excerpt":{"rendered":"<p>Le sculpteur St\u00e9phane Saint-Emett rend hommage \u00e0 Louis de Fun\u00e8s, caricature tir\u00e9e du film &#8220;les aventures de Rabbi Jacob&#8221; 1973 G\u00e9rard Oury. Louis de Fun\u00e8s\u00a0est Victor Pivert Statuette sculpt\u00e9e par Saint-Emett Certificat d\u2019authenticit\u00e9 sign\u00e9 par [&hellip;]<\/p>\n","protected":false},"featured_media":2776,"comment_status":"closed","ping_status":"closed","template":"","meta":[],"product_brand":[],"product_cat":[29],"product_tag":[],"class_list":{"0":"post-318","1":"product","2":"type-product","3":"status-publish","4":"has-post-thumbnail","6":"product_cat-louis-de-funes","7":"clearfix","9":"first","10":"instock","11":"taxable","12":"shipping-taxable","13":"purchasable","14":"product-type-simple"},"_links":{"self":[{"href":"https:\/\/artifexcomics.fr\/index.php\/wp-json\/wp\/v2\/product\/318","targetHints":{"allow":["GET"]}}],"collection":[{"href":"https:\/\/artifexcomics.fr\/index.php\/wp-json\/wp\/v2\/product"}],"about":[{"href":"https:\/\/artifexcomics.fr\/index.php\/wp-json\/wp\/v2\/types\/product"}],"replies":[{"embeddable":true,"href":"https:\/\/artifexcomics.fr\/index.php\/wp-json\/wp\/v2\/comments?post=318"}],"wp:featuredmedia":[{"embeddable":true,"href":"https:\/\/artifexcomics.fr\/index.php\/wp-json\/wp\/v2\/media\/2776"}],"wp:attachment":[{"href":"https:\/\/artifexcomics.fr\/index.php\/wp-json\/wp\/v2\/media?parent=318"}],"wp:term":[{"taxonomy":"product_brand","embeddable":true,"href":"https:\/\/artifexcomics.fr\/index.php\/wp-json\/wp\/v2\/product_brand?post=318"},{"taxonomy":"product_cat","embeddable":true,"href":"https:\/\/artifexcomics.fr\/index.php\/wp-json\/wp\/v2\/product_cat?post=318"},{"taxonomy":"product_tag","embeddable":true,"href":"https:\/\/artifexcomics.fr\/index.php\/wp-json\/wp\/v2\/product_tag?post=318"}],"curies":[{"name":"wp","href":"https:\/\/api.w.org\/{rel}","templated":true}]}}