{"id":273,"date":"2016-11-01T20:31:12","date_gmt":"2016-11-01T19:31:12","guid":{"rendered":"https:\/\/artifexcomics.fr\/?post_type=product&#038;p=273"},"modified":"2025-09-19T14:29:42","modified_gmt":"2025-09-19T13:29:42","slug":"273","status":"publish","type":"product","link":"https:\/\/artifexcomics.fr\/index.php\/produit\/273\/","title":{"rendered":"Louis caricature par Saint-Emett"},"content":{"rendered":"<div>\n<h3><\/h3>\n<\/div>\n<div><\/div>\n<div>Le sculpteur St\u00e9phane saint-Emett rend hommage \u00e0\u00a0<span style=\"color: #000000;\"><span style=\"color: #000000;\">\u00a0<\/span><strong style=\"color: #000000;\">Louis de Fun\u00e8s. <\/strong><\/span><\/div>\n<p><span style=\"color: #000000;\">Figurine sculpt\u00e9e Saint-Emett.<\/span><\/p>\n<p><span style=\"color: #000000;\">Certificat d\u2019authenticit\u00e9 sign\u00e9, figurine en r\u00e9sine, ht env. 35 cm peinte \u00e0 la main<\/span><\/p>\n<p><span style=\"color: #000000;\">Possibilit\u00e9 d&#8217;avoir un certificat d\u00e9dicac\u00e9 par le cr\u00e9ateur Saint-Emett<\/span><\/p>\n<p>&nbsp;<\/p>\n<p><strong>Livraison Colissimo offerte pour la France uniquement<\/strong><\/p>\n<p>En cas de rupture, contactez-nous par <strong>artifexcomics.sl@gmail.com<\/strong> pour r\u00e9server votre exemplaire sur le prochain arrivage de l&#8217;atelier.<\/p>\n<p><strong>Pour r\u00e9gler par PayPal ou CB :<\/strong><\/p>\n<p><strong>1.visualisez votre panier\u00a0 .\u00a0<\/strong><\/p>\n<p><strong>2<\/strong>.\u00a0<strong>choisissez avant de le valider l&#8217;icone correspondante PayPal ou CB en bas\u00a0 de l&#8217;\u00e9cran<\/strong><\/p>\n<p><strong>3.<\/strong>\u00a0<strong>Ensuite validez votre commande<\/strong><\/p>\n","protected":false},"excerpt":{"rendered":"<p><img loading=\"lazy\" decoding=\"async\" class=\"alignnone size-medium wp-image-250\" src=\"https:\/\/artifexcomics.fr\/wp-content\/uploads\/2016\/08\/louis-gendarme-ST__image3-225x300.jpg\" alt=\"louis-gendarme-st__image3\" width=\"225\" height=\"300\" srcset=\"https:\/\/artifexcomics.fr\/wp-content\/uploads\/2016\/08\/louis-gendarme-ST__image3-225x300.jpg 225w, https:\/\/artifexcomics.fr\/wp-content\/uploads\/2016\/08\/louis-gendarme-ST__image3-600x800.jpg 600w, https:\/\/artifexcomics.fr\/wp-content\/uploads\/2016\/08\/louis-gendarme-ST__image3.jpg 700w\" sizes=\"auto, (max-width: 225px) 100vw, 225px\" \/><\/p>\n","protected":false},"featured_media":2086,"comment_status":"closed","ping_status":"closed","template":"","meta":[],"product_brand":[],"product_cat":[29],"product_tag":[],"class_list":{"0":"post-273","1":"product","2":"type-product","3":"status-publish","4":"has-post-thumbnail","6":"product_cat-louis-de-funes","7":"clearfix","9":"first","10":"outofstock","11":"taxable","12":"shipping-taxable","13":"purchasable","14":"product-type-simple"},"_links":{"self":[{"href":"https:\/\/artifexcomics.fr\/index.php\/wp-json\/wp\/v2\/product\/273","targetHints":{"allow":["GET"]}}],"collection":[{"href":"https:\/\/artifexcomics.fr\/index.php\/wp-json\/wp\/v2\/product"}],"about":[{"href":"https:\/\/artifexcomics.fr\/index.php\/wp-json\/wp\/v2\/types\/product"}],"replies":[{"embeddable":true,"href":"https:\/\/artifexcomics.fr\/index.php\/wp-json\/wp\/v2\/comments?post=273"}],"wp:featuredmedia":[{"embeddable":true,"href":"https:\/\/artifexcomics.fr\/index.php\/wp-json\/wp\/v2\/media\/2086"}],"wp:attachment":[{"href":"https:\/\/artifexcomics.fr\/index.php\/wp-json\/wp\/v2\/media?parent=273"}],"wp:term":[{"taxonomy":"product_brand","embeddable":true,"href":"https:\/\/artifexcomics.fr\/index.php\/wp-json\/wp\/v2\/product_brand?post=273"},{"taxonomy":"product_cat","embeddable":true,"href":"https:\/\/artifexcomics.fr\/index.php\/wp-json\/wp\/v2\/product_cat?post=273"},{"taxonomy":"product_tag","embeddable":true,"href":"https:\/\/artifexcomics.fr\/index.php\/wp-json\/wp\/v2\/product_tag?post=273"}],"curies":[{"name":"wp","href":"https:\/\/api.w.org\/{rel}","templated":true}]}}