{"id":269,"date":"2016-11-01T19:54:39","date_gmt":"2016-11-01T18:54:39","guid":{"rendered":"https:\/\/artifexcomics.fr\/?post_type=product&#038;p=269"},"modified":"2025-11-28T10:06:02","modified_gmt":"2025-11-28T09:06:02","slug":"jean-gabin-clan-siciliens","status":"publish","type":"product","link":"https:\/\/artifexcomics.fr\/index.php\/produit\/jean-gabin-clan-siciliens\/","title":{"rendered":"Jean Gabin figurine &#8220;Le Clan des Siciliens&#8221; par Saint-Emett"},"content":{"rendered":"<h3><\/h3>\n<p><span style=\"color: #000000;\">Le sculpteur St\u00e9phane Saint-Emett rend hommage \u00e0\u00a0<\/span><strong style=\"color: #000000;\">Jean Gabin.\u00a0 <\/strong><span style=\"color: #000000;\">Le Patriarche dans<\/span><strong style=\"color: #000000;\"> &#8220;Le Clan des Siciliens&#8221;<\/strong><span style=\"color: #000000;\"> film d&#8217;Henri Verneuil 1969<\/span><\/p>\n<p><span style=\"color: #000000;\">Moulage en r\u00e9sine hauteur env 38 cm peinte \u00e0 la main<\/span><\/p>\n<p><span style=\"color: #000000;\">\u00a0Socle figurine et certificat sign\u00e9s\u00a0 par Saint-Emett<\/span><\/p>\n<p><span style=\"color: #000000;\">Statuette Collection Cin\u00e9ma cr\u00e9\u00e9e par Saint-Emett et \u00e9dit\u00e9e par Artifex.<\/span><\/p>\n<p><strong>Fabrication artisanale<\/strong><\/p>\n<p><strong>Livraison Colissimo offerte pour la France uniquement<\/strong><\/p>\n<p>En cas de rupture, contactez-nous par <strong>artifexcomics.sl@gmail.com<\/strong> pour r\u00e9server votre exemplaire sur le prochain arrivage de l&#8217;atelier.<\/p>\n<p><strong>Pour r\u00e9gler par PayPal ou CB :<\/strong><\/p>\n<p><strong>1.visualisez votre panier\u00a0 .\u00a0<\/strong><\/p>\n<p><strong>2<\/strong>.\u00a0<strong>choisissez avant de le valider l&#8217;icone correspondante PayPal ou CB en bas\u00a0 de l&#8217;\u00e9cran<\/strong><\/p>\n<p><strong>3.<\/strong>\u00a0<strong>Ensuite validez votre commande<\/strong><\/p>\n<p>&nbsp;<\/p>\n","protected":false},"excerpt":{"rendered":"<p><img loading=\"lazy\" decoding=\"async\" class=\"alignnone size-medium wp-image-257\" src=\"https:\/\/artifexcomics.fr\/wp-content\/uploads\/2016\/08\/Clan-des-siciliens-les-3_n-2-1-300x217.jpg\" alt=\"clan-des-siciliens-les-3_n-2\" width=\"300\" height=\"217\" srcset=\"https:\/\/artifexcomics.fr\/wp-content\/uploads\/2016\/08\/Clan-des-siciliens-les-3_n-2-1-300x217.jpg 300w, https:\/\/artifexcomics.fr\/wp-content\/uploads\/2016\/08\/Clan-des-siciliens-les-3_n-2-1-600x433.jpg 600w, https:\/\/artifexcomics.fr\/wp-content\/uploads\/2016\/08\/Clan-des-siciliens-les-3_n-2-1.jpg 669w\" sizes=\"auto, (max-width: 300px) 100vw, 300px\" \/><\/p>\n","protected":false},"featured_media":2437,"comment_status":"closed","ping_status":"closed","template":"","meta":[],"product_brand":[],"product_cat":[25,35],"product_tag":[],"class_list":{"0":"post-269","1":"product","2":"type-product","3":"status-publish","4":"has-post-thumbnail","6":"product_cat-clan-des-siciliens","7":"product_cat-gabin","8":"clearfix","10":"first","11":"outofstock","12":"taxable","13":"shipping-taxable","14":"purchasable","15":"product-type-simple"},"_links":{"self":[{"href":"https:\/\/artifexcomics.fr\/index.php\/wp-json\/wp\/v2\/product\/269","targetHints":{"allow":["GET"]}}],"collection":[{"href":"https:\/\/artifexcomics.fr\/index.php\/wp-json\/wp\/v2\/product"}],"about":[{"href":"https:\/\/artifexcomics.fr\/index.php\/wp-json\/wp\/v2\/types\/product"}],"replies":[{"embeddable":true,"href":"https:\/\/artifexcomics.fr\/index.php\/wp-json\/wp\/v2\/comments?post=269"}],"wp:featuredmedia":[{"embeddable":true,"href":"https:\/\/artifexcomics.fr\/index.php\/wp-json\/wp\/v2\/media\/2437"}],"wp:attachment":[{"href":"https:\/\/artifexcomics.fr\/index.php\/wp-json\/wp\/v2\/media?parent=269"}],"wp:term":[{"taxonomy":"product_brand","embeddable":true,"href":"https:\/\/artifexcomics.fr\/index.php\/wp-json\/wp\/v2\/product_brand?post=269"},{"taxonomy":"product_cat","embeddable":true,"href":"https:\/\/artifexcomics.fr\/index.php\/wp-json\/wp\/v2\/product_cat?post=269"},{"taxonomy":"product_tag","embeddable":true,"href":"https:\/\/artifexcomics.fr\/index.php\/wp-json\/wp\/v2\/product_tag?post=269"}],"curies":[{"name":"wp","href":"https:\/\/api.w.org\/{rel}","templated":true}]}}