{"id":268,"date":"2016-11-01T19:40:06","date_gmt":"2016-11-01T18:40:06","guid":{"rendered":"https:\/\/artifexcomics.fr\/?post_type=product&#038;p=268"},"modified":"2026-05-09T13:54:18","modified_gmt":"2026-05-09T12:54:18","slug":"ventura-clan-siciliens","status":"publish","type":"product","link":"https:\/\/artifexcomics.fr\/index.php\/produit\/ventura-clan-siciliens\/","title":{"rendered":"Lino Ventura  figurine &#8220;Le Clan des Siciliens&#8221;  par Saint-Emett"},"content":{"rendered":"<h3><\/h3>\n<p><span style=\"color: #000000;\"><strong>Caricature de Lino Ventura (Commissaire Le Goff) dans &#8220;Le Clan des siciliens&#8221;<\/strong> film d&#8217;Henri Verneuil de 1969\u00a0<\/span><\/p>\n<p><span style=\"color: #000000;\">Figurine sculpt\u00e9e Saint-Emett\u00a0<\/span><\/p>\n<p><span style=\"color: #000000;\">Certificat d\u2019authenticit\u00e9 sign\u00e9 par Saint-Emett\u00a0 \u00a0 \u00a0<\/span><span style=\"color: #000000;\"> \u00a0 \u00a0 \u00a0 \u00a0 \u00a0 \u00a0 \u00a0 \u00a0 \u00a0 \u00a0 \u00a0 \u00a0 \u00a0 \u00a0 \u00a0 \u00a0 \u00a0 \u00a0 \u00a0 \u00a0 \u00a0 \u00a0 \u00a0 \u00a0 \u00a0 \u00a0 \u00a0 \u00a0 \u00a0 \u00a0 \u00a0 \u00a0 \u00a0 \u00a0 \u00a0 \u00a0 \u00a0 \u00a0 Figurine en r\u00e9sine pleine, hauteur environ 39 cm, peinte \u00e0 la main.<\/span><\/p>\n<p><span style=\"color: #000000;\">\u00a0Fabrication artisanale<\/span><\/p>\n<p><span style=\"color: #000000;\">Possibilit\u00e9 d&#8217;avoir un certificat sign\u00e9 et d\u00e9dicac\u00e9 par le sculpteur\u00a0<\/span><\/p>\n<p><span style=\"color: #000000;\">livraison offerte<\/span><\/p>\n<p><span style=\"color: #000000;\"><strong>&#8220;<span class=\"personnage\">Roger Sartet<\/span>\u00a0: Vous regardez mon cou, commissaire\u00a0?<\/strong><\/span><br \/>\n<span style=\"color: #000000;\"><strong><span class=\"personnage\">Commissaire Le Goff<\/span>\u00a0: Pas pr\u00e9cis\u00e9ment.<\/strong><\/span><br \/>\n<span style=\"color: #000000;\"><strong><span class=\"personnage\">Roger Sartet<\/span>\u00a0: Vous m&#8217;excuserez si je vous fais lever \u00e0 l&#8217;aube un de ces jours.<\/strong><\/span><br \/>\n<span style=\"color: #000000;\"><strong><span class=\"personnage\">Commissaire Le Goff<\/span>\u00a0: Tu n&#8217;as pas \u00e0 t&#8217;excuser. Je serai l\u00e0.&#8221;\u00a0\u00e9crit par Jos\u00e9 Giovanni<\/strong><\/span><\/p>\n<p>&nbsp;<\/p>\n","protected":false},"excerpt":{"rendered":"<p><img loading=\"lazy\" decoding=\"async\" class=\"alignnone size-medium wp-image-257\" src=\"https:\/\/artifexcomics.fr\/wp-content\/uploads\/2016\/08\/Clan-des-siciliens-les-3_n-2-1-300x217.jpg\" alt=\"clan-des-siciliens-les-3_n-2\" width=\"300\" height=\"217\" srcset=\"https:\/\/artifexcomics.fr\/wp-content\/uploads\/2016\/08\/Clan-des-siciliens-les-3_n-2-1-300x217.jpg 300w, https:\/\/artifexcomics.fr\/wp-content\/uploads\/2016\/08\/Clan-des-siciliens-les-3_n-2-1-600x433.jpg 600w, https:\/\/artifexcomics.fr\/wp-content\/uploads\/2016\/08\/Clan-des-siciliens-les-3_n-2-1.jpg 669w\" sizes=\"auto, (max-width: 300px) 100vw, 300px\" \/><\/p>\n","protected":false},"featured_media":2443,"comment_status":"closed","ping_status":"closed","template":"","meta":[],"product_brand":[],"product_cat":[25],"product_tag":[],"class_list":{"0":"post-268","1":"product","2":"type-product","3":"status-publish","4":"has-post-thumbnail","6":"product_cat-clan-des-siciliens","7":"clearfix","9":"first","10":"outofstock","11":"taxable","12":"shipping-taxable","13":"purchasable","14":"product-type-simple"},"_links":{"self":[{"href":"https:\/\/artifexcomics.fr\/index.php\/wp-json\/wp\/v2\/product\/268","targetHints":{"allow":["GET"]}}],"collection":[{"href":"https:\/\/artifexcomics.fr\/index.php\/wp-json\/wp\/v2\/product"}],"about":[{"href":"https:\/\/artifexcomics.fr\/index.php\/wp-json\/wp\/v2\/types\/product"}],"replies":[{"embeddable":true,"href":"https:\/\/artifexcomics.fr\/index.php\/wp-json\/wp\/v2\/comments?post=268"}],"wp:featuredmedia":[{"embeddable":true,"href":"https:\/\/artifexcomics.fr\/index.php\/wp-json\/wp\/v2\/media\/2443"}],"wp:attachment":[{"href":"https:\/\/artifexcomics.fr\/index.php\/wp-json\/wp\/v2\/media?parent=268"}],"wp:term":[{"taxonomy":"product_brand","embeddable":true,"href":"https:\/\/artifexcomics.fr\/index.php\/wp-json\/wp\/v2\/product_brand?post=268"},{"taxonomy":"product_cat","embeddable":true,"href":"https:\/\/artifexcomics.fr\/index.php\/wp-json\/wp\/v2\/product_cat?post=268"},{"taxonomy":"product_tag","embeddable":true,"href":"https:\/\/artifexcomics.fr\/index.php\/wp-json\/wp\/v2\/product_tag?post=268"}],"curies":[{"name":"wp","href":"https:\/\/api.w.org\/{rel}","templated":true}]}}