{"id":265,"date":"2016-11-01T19:16:44","date_gmt":"2016-11-01T18:16:44","guid":{"rendered":"https:\/\/artifexcomics.fr\/?post_type=product&#038;p=265"},"modified":"2026-02-23T18:46:22","modified_gmt":"2026-02-23T17:46:22","slug":"delon-clan-siciliens-roger-sartet","status":"publish","type":"product","link":"https:\/\/artifexcomics.fr\/index.php\/produit\/delon-clan-siciliens-roger-sartet\/","title":{"rendered":"Alain Delon figurine  &#8220;Le Clan des Siciliens&#8221; par Saint-Emett"},"content":{"rendered":"<h3><\/h3>\n<p><span style=\"color: #000000;\">Caricature d<strong>&#8216;Alain Delon (Roger Sartet) librement inspir\u00e9e du film &#8220;Le clan des siciliens&#8221;<\/strong> 1969 Henri Verneuil<\/span><br \/>\n<span style=\"color: #000000;\"> \u00a0 \u00a0<\/span><\/p>\n<p>Figurine caricature sculpt\u00e9e par st\u00e9phane\u00a0 Saint-Emett<\/p>\n<p>Certificat d\u2019authenticit\u00e9 sign\u00e9 par Saint-Emett<\/p>\n<p>Figurine en r\u00e9sine pleine, hauteur environ 39 cm, peinte \u00e0 la main.<\/p>\n<p>Fabrication artisanale<\/p>\n<p>Edit\u00e9e par Artifex pour la Collection Cin\u00e9ma de St\u00e9phane saint-Emett<\/p>\n<p>Possibilit\u00e9 d&#8217;avoir un certificat sign\u00e9 et d\u00e9dicac\u00e9 par le sculpteur<\/p>\n<p>livraison offerte<\/p>\n<p><span style=\"color: #000000;\">\u00a0<\/span><\/p>\n<div class=\"citation\"><strong><span class=\"personnage\">&#8220;Roger Sartet<\/span>\u00a0: Vous regardez mon cou, commissaire\u00a0?<\/strong><br \/>\n<strong><span class=\"personnage\">Commissaire Le Goff<\/span>\u00a0: Pas pr\u00e9cis\u00e9ment.<\/strong><br \/>\n<strong><span class=\"personnage\">Roger Sartet<\/span>\u00a0: Vous m&#8217;excuserez si je vous fais lever \u00e0 l&#8217;aube un de ces jours.<\/strong><strong><span class=\"personnage\">Commissaire Le Goff<\/span>\u00a0: Tu n&#8217;as pas \u00e0 t&#8217;excuser. Je serai l\u00e0.&#8221;<\/strong><\/div>\n<ul>\n<li>\n<div class=\"ref\"><strong><span title=\"Acteur\">Alain Delon, Lino Ventura<\/span>,\u00a0<span title=\"Titre\"><i>Le Clan des Siciliens<\/i><\/span>\u00a0(<span title=\"Date\">1969<\/span>), \u00e9crit par\u00a0<span title=\"Auteur\">Jos\u00e9 Giovanni<\/span><\/strong><\/div>\n<\/li>\n<\/ul>\n<p><span style=\"color: #000000;\">\u00a0 \u00a0 \u00a0 \u00a0 \u00a0 \u00a0 \u00a0 \u00a0 \u00a0 \u00a0 \u00a0 \u00a0 \u00a0 \u00a0 \u00a0 \u00a0 \u00a0 \u00a0 \u00a0 \u00a0 \u00a0 \u00a0 \u00a0 \u00a0 \u00a0 \u00a0 \u00a0 \u00a0 \u00a0 \u00a0 \u00a0\u00a0<\/span><\/p>\n<p><span style=\"color: #000000;\"><strong><span class=\"personnage\">Roger Sartet :\u00a0<\/span>&#8220;Dans le domaine du moindre risque, je ne vois que le bilboquet ou le cerceau.&#8221; \u00e9crit par Jos\u00e9 Giovanni<\/strong><\/span><\/p>\n","protected":false},"excerpt":{"rendered":"<p><img loading=\"lazy\" decoding=\"async\" class=\"alignnone size-medium wp-image-257\" src=\"https:\/\/artifexcomics.fr\/wp-content\/uploads\/2016\/08\/Clan-des-siciliens-les-3_n-2-1-300x217.jpg\" alt=\"clan-des-siciliens-les-3_n-2\" width=\"300\" height=\"217\" srcset=\"https:\/\/artifexcomics.fr\/wp-content\/uploads\/2016\/08\/Clan-des-siciliens-les-3_n-2-1-300x217.jpg 300w, https:\/\/artifexcomics.fr\/wp-content\/uploads\/2016\/08\/Clan-des-siciliens-les-3_n-2-1-600x433.jpg 600w, https:\/\/artifexcomics.fr\/wp-content\/uploads\/2016\/08\/Clan-des-siciliens-les-3_n-2-1.jpg 669w\" sizes=\"auto, (max-width: 300px) 100vw, 300px\" \/><\/p>\n","protected":false},"featured_media":2446,"comment_status":"closed","ping_status":"closed","template":"","meta":[],"product_brand":[],"product_cat":[25],"product_tag":[],"class_list":{"0":"post-265","1":"product","2":"type-product","3":"status-publish","4":"has-post-thumbnail","6":"product_cat-clan-des-siciliens","7":"clearfix","9":"first","10":"outofstock","11":"taxable","12":"shipping-taxable","13":"purchasable","14":"product-type-simple"},"_links":{"self":[{"href":"https:\/\/artifexcomics.fr\/index.php\/wp-json\/wp\/v2\/product\/265","targetHints":{"allow":["GET"]}}],"collection":[{"href":"https:\/\/artifexcomics.fr\/index.php\/wp-json\/wp\/v2\/product"}],"about":[{"href":"https:\/\/artifexcomics.fr\/index.php\/wp-json\/wp\/v2\/types\/product"}],"replies":[{"embeddable":true,"href":"https:\/\/artifexcomics.fr\/index.php\/wp-json\/wp\/v2\/comments?post=265"}],"wp:featuredmedia":[{"embeddable":true,"href":"https:\/\/artifexcomics.fr\/index.php\/wp-json\/wp\/v2\/media\/2446"}],"wp:attachment":[{"href":"https:\/\/artifexcomics.fr\/index.php\/wp-json\/wp\/v2\/media?parent=265"}],"wp:term":[{"taxonomy":"product_brand","embeddable":true,"href":"https:\/\/artifexcomics.fr\/index.php\/wp-json\/wp\/v2\/product_brand?post=265"},{"taxonomy":"product_cat","embeddable":true,"href":"https:\/\/artifexcomics.fr\/index.php\/wp-json\/wp\/v2\/product_cat?post=265"},{"taxonomy":"product_tag","embeddable":true,"href":"https:\/\/artifexcomics.fr\/index.php\/wp-json\/wp\/v2\/product_tag?post=265"}],"curies":[{"name":"wp","href":"https:\/\/api.w.org\/{rel}","templated":true}]}}