{"id":1549,"date":"2020-07-18T09:40:08","date_gmt":"2020-07-18T08:40:08","guid":{"rendered":"https:\/\/artifexcomics.fr\/?post_type=product&#038;p=1549"},"modified":"2026-03-29T22:19:52","modified_gmt":"2026-03-29T21:19:52","slug":"goscinny-uderzo-par-saint-emett-2020","status":"publish","type":"product","link":"https:\/\/artifexcomics.fr\/index.php\/produit\/goscinny-uderzo-par-saint-emett-2020\/","title":{"rendered":"Goscinny &#038; Uderzo &#8220;Imp\u00e9rator&#8221; par Saint-Emett 2020"},"content":{"rendered":"<h3>EXPEDITION A PATIR DU 15 FEVRIER.<\/h3>\n<h3>CONTACT : artifexcomics.sl@gmail.com<\/h3>\n<p>Le sculpteur St\u00e9phane Saint-Emett\u00a0 rend hommage \u00e0 Uderzo et Goscinny, deux g\u00e9nies de la bande dessin\u00e9e et\u00a0 les &#8220;c\u00e9sars&#8221; du dessin anim\u00e9.<\/p>\n<p>Caricatures\u00a0 en &#8220;Imp\u00e9rator&#8221; cr\u00e9\u00e9es par notre associ\u00e9 le sculpteur St\u00e9phane Saint-Emett.<\/p>\n<p>Les statuettes sont vendues par paire \u00e9dition num\u00e9rot\u00e9e sur 99 exemplaires par ARTIFEX.<\/p>\n<p>Statuettes r\u00e9sine avec certificat sign\u00e9 et num\u00e9rot\u00e9 par Saint-Emett<\/p>\n<p>Chaque pi\u00e8ce est sign\u00e9e sur le socle.<\/p>\n<p>Goscinny statuette de 30 cm<\/p>\n<p>Uderzo\u00a0 \u00a0 \u00a0statuette de 37 cm<\/p>\n<p>fabrication artisanale<\/p>\n<p>En cas de rupture, contactez-nous par <strong>artifexcomics.sl@gmail.com<\/strong> pour r\u00e9server votre exemplaire sur le prochain arrivage de l&#8217;atelier.<\/p>\n<p><strong>Pour r\u00e9gler par PayPal ou CB :<\/strong><\/p>\n<p><strong>1.visualisez votre panier\u00a0 .\u00a0<\/strong><\/p>\n<p><strong>2<\/strong>.\u00a0<strong>choisissez avant de le valider l&#8217;icone correspondante PayPal ou CB en bas\u00a0 de l&#8217;\u00e9cran<\/strong><\/p>\n<p><strong>3.<\/strong>\u00a0<strong>Ensuite validez votre commande<\/strong><\/p>\n","protected":false},"excerpt":{"rendered":"<p>EXPEDITION A PATIR DU 15 FEVRIER. CONTACT : artifexcomics.sl@gmail.com Le sculpteur St\u00e9phane Saint-Emett\u00a0 rend hommage \u00e0 Uderzo et Goscinny, deux g\u00e9nies de la bande dessin\u00e9e et\u00a0 les &#8220;c\u00e9sars&#8221; du dessin anim\u00e9. Caricatures\u00a0 en &#8220;Imp\u00e9rator&#8221; cr\u00e9\u00e9es [&hellip;]<\/p>\n","protected":false},"featured_media":1538,"comment_status":"open","ping_status":"closed","template":"","meta":[],"product_brand":[],"product_cat":[34],"product_tag":[],"class_list":{"0":"post-1549","1":"product","2":"type-product","3":"status-publish","4":"has-post-thumbnail","6":"product_cat-bande-dessinee","7":"clearfix","9":"first","10":"instock","11":"taxable","12":"shipping-taxable","13":"purchasable","14":"product-type-simple"},"_links":{"self":[{"href":"https:\/\/artifexcomics.fr\/index.php\/wp-json\/wp\/v2\/product\/1549","targetHints":{"allow":["GET"]}}],"collection":[{"href":"https:\/\/artifexcomics.fr\/index.php\/wp-json\/wp\/v2\/product"}],"about":[{"href":"https:\/\/artifexcomics.fr\/index.php\/wp-json\/wp\/v2\/types\/product"}],"replies":[{"embeddable":true,"href":"https:\/\/artifexcomics.fr\/index.php\/wp-json\/wp\/v2\/comments?post=1549"}],"wp:featuredmedia":[{"embeddable":true,"href":"https:\/\/artifexcomics.fr\/index.php\/wp-json\/wp\/v2\/media\/1538"}],"wp:attachment":[{"href":"https:\/\/artifexcomics.fr\/index.php\/wp-json\/wp\/v2\/media?parent=1549"}],"wp:term":[{"taxonomy":"product_brand","embeddable":true,"href":"https:\/\/artifexcomics.fr\/index.php\/wp-json\/wp\/v2\/product_brand?post=1549"},{"taxonomy":"product_cat","embeddable":true,"href":"https:\/\/artifexcomics.fr\/index.php\/wp-json\/wp\/v2\/product_cat?post=1549"},{"taxonomy":"product_tag","embeddable":true,"href":"https:\/\/artifexcomics.fr\/index.php\/wp-json\/wp\/v2\/product_tag?post=1549"}],"curies":[{"name":"wp","href":"https:\/\/api.w.org\/{rel}","templated":true}]}}