{"id":126,"date":"2016-06-12T11:41:08","date_gmt":"2016-06-12T10:41:08","guid":{"rendered":"https:\/\/artifexcomics.fr\/?post_type=product&#038;p=126"},"modified":"2026-03-28T10:31:38","modified_gmt":"2026-03-28T09:31:38","slug":"freddy-lombard","status":"publish","type":"product","link":"https:\/\/artifexcomics.fr\/index.php\/produit\/freddy-lombard\/","title":{"rendered":"Chaland Freddy Lombard  par Saint-Emett"},"content":{"rendered":"<figure id=\"attachment_118\" aria-describedby=\"caption-attachment-118\" style=\"width: 189px\" class=\"wp-caption alignnone\"><img loading=\"lazy\" decoding=\"async\" class=\"size-medium wp-image-118\" src=\"https:\/\/artifexcomics.fr\/wp-content\/uploads\/2016\/06\/Freddy-4-189x300.jpg\" alt=\"Cr\u00e9ation Saint-Emett S\u00e9rie limit\u00e9e a 50 exemplaires \" width=\"189\" height=\"300\" srcset=\"https:\/\/artifexcomics.fr\/wp-content\/uploads\/2016\/06\/Freddy-4-189x300.jpg 189w, https:\/\/artifexcomics.fr\/wp-content\/uploads\/2016\/06\/Freddy-4-600x954.jpg 600w, https:\/\/artifexcomics.fr\/wp-content\/uploads\/2016\/06\/Freddy-4-768x1222.jpg 768w, https:\/\/artifexcomics.fr\/wp-content\/uploads\/2016\/06\/Freddy-4-644x1024.jpg 644w, https:\/\/artifexcomics.fr\/wp-content\/uploads\/2016\/06\/Freddy-4-800x1273.jpg 800w, https:\/\/artifexcomics.fr\/wp-content\/uploads\/2016\/06\/Freddy-4.jpg 2040w\" sizes=\"auto, (max-width: 189px) 100vw, 189px\" \/><figcaption id=\"caption-attachment-118\" class=\"wp-caption-text\"><strong><span style=\"color: #000000;\">Cr\u00e9ation Saint-Emett<\/span><\/strong><br \/><strong><span style=\"color: #000000;\">S\u00e9rie limit\u00e9e a 50 exemplaires<\/span><\/strong><\/figcaption><\/figure>\n<figure id=\"attachment_117\" aria-describedby=\"caption-attachment-117\" style=\"width: 189px\" class=\"wp-caption alignnone\"><img loading=\"lazy\" decoding=\"async\" class=\"size-medium wp-image-117\" src=\"https:\/\/artifexcomics.fr\/wp-content\/uploads\/2016\/06\/Freddy-2-189x300.jpg\" alt=\"Cr\u00e9ation Saint-Emett S\u00e9rie limit\u00e9e a 50 exemplaires \" width=\"189\" height=\"300\" srcset=\"https:\/\/artifexcomics.fr\/wp-content\/uploads\/2016\/06\/Freddy-2-189x300.jpg 189w, https:\/\/artifexcomics.fr\/wp-content\/uploads\/2016\/06\/Freddy-2-600x954.jpg 600w, https:\/\/artifexcomics.fr\/wp-content\/uploads\/2016\/06\/Freddy-2-768x1222.jpg 768w, https:\/\/artifexcomics.fr\/wp-content\/uploads\/2016\/06\/Freddy-2-644x1024.jpg 644w, https:\/\/artifexcomics.fr\/wp-content\/uploads\/2016\/06\/Freddy-2-800x1273.jpg 800w, https:\/\/artifexcomics.fr\/wp-content\/uploads\/2016\/06\/Freddy-2.jpg 2040w\" sizes=\"auto, (max-width: 189px) 100vw, 189px\" \/><figcaption id=\"caption-attachment-117\" class=\"wp-caption-text\"><span style=\"color: #000000;\"><strong>Cr\u00e9ation Saint-Emett<\/strong><\/span><br \/><span style=\"color: #000000;\"><strong>S\u00e9rie limit\u00e9e a 50 exemplaires<\/strong><\/span><\/figcaption><\/figure>\n<p><span style=\"color: #000000;\">Collections de<em><strong> Saint-Emett\u00a0<\/strong><\/em><\/span><\/p>\n<p><span style=\"color: #000000;\">s\u00e9rie limit\u00e9e a 50 exemplaires<\/span><\/p>\n<p><span style=\"color: #000000;\">Hauteur de 70 cm<\/span><\/p>\n<p><span style=\"color: #000000;\">Figurine en r\u00e9sine num\u00e9rot\u00e9e certificat d&#8217;authenticit\u00e9 sign\u00e9e Saint-Emett<\/span><\/p>\n<p><span style=\"color: #000000;\">peinte a la main<\/span><\/p>\n<p><em><strong>Livraison offerte pour la France\u00a0<\/strong><\/em><\/p>\n","protected":false},"excerpt":{"rendered":"<p>Collections de Saint-Emett\u00a0 s\u00e9rie limit\u00e9e a 50 exemplaires Hauteur de 70 cm Figurine en r\u00e9sine num\u00e9rot\u00e9e certificat d&#8217;authenticit\u00e9 sign\u00e9e Saint-Emett peinte a la main Livraison offerte pour la France\u00a0<\/p>\n","protected":false},"featured_media":524,"comment_status":"open","ping_status":"closed","template":"","meta":[],"product_brand":[],"product_cat":[32],"product_tag":[],"class_list":{"0":"post-126","1":"product","2":"type-product","3":"status-publish","4":"has-post-thumbnail","6":"product_cat-chaland","7":"clearfix","9":"first","10":"outofstock","11":"taxable","12":"shipping-taxable","13":"purchasable","14":"product-type-simple"},"_links":{"self":[{"href":"https:\/\/artifexcomics.fr\/index.php\/wp-json\/wp\/v2\/product\/126","targetHints":{"allow":["GET"]}}],"collection":[{"href":"https:\/\/artifexcomics.fr\/index.php\/wp-json\/wp\/v2\/product"}],"about":[{"href":"https:\/\/artifexcomics.fr\/index.php\/wp-json\/wp\/v2\/types\/product"}],"replies":[{"embeddable":true,"href":"https:\/\/artifexcomics.fr\/index.php\/wp-json\/wp\/v2\/comments?post=126"}],"wp:featuredmedia":[{"embeddable":true,"href":"https:\/\/artifexcomics.fr\/index.php\/wp-json\/wp\/v2\/media\/524"}],"wp:attachment":[{"href":"https:\/\/artifexcomics.fr\/index.php\/wp-json\/wp\/v2\/media?parent=126"}],"wp:term":[{"taxonomy":"product_brand","embeddable":true,"href":"https:\/\/artifexcomics.fr\/index.php\/wp-json\/wp\/v2\/product_brand?post=126"},{"taxonomy":"product_cat","embeddable":true,"href":"https:\/\/artifexcomics.fr\/index.php\/wp-json\/wp\/v2\/product_cat?post=126"},{"taxonomy":"product_tag","embeddable":true,"href":"https:\/\/artifexcomics.fr\/index.php\/wp-json\/wp\/v2\/product_tag?post=126"}],"curies":[{"name":"wp","href":"https:\/\/api.w.org\/{rel}","templated":true}]}}