{"id":1256,"date":"2019-09-26T12:17:22","date_gmt":"2019-09-26T11:17:22","guid":{"rendered":"https:\/\/artifexcomics.fr\/?post_type=product&#038;p=1256"},"modified":"2025-09-18T17:40:33","modified_gmt":"2025-09-18T16:40:33","slug":"0-coluche-tchao-pantin-nouveaute-2019","status":"publish","type":"product","link":"https:\/\/artifexcomics.fr\/index.php\/produit\/0-coluche-tchao-pantin-nouveaute-2019\/","title":{"rendered":"Coluche &#8220;Tchao Pantin&#8221;"},"content":{"rendered":"<h3><\/h3>\n<p><span style=\"color: #000000;\">Statuette caricature en r\u00e9sine sculpt\u00e9e par St\u00e9phane Saint-Emett.<\/span><\/p>\n<p><span style=\"color: #000000;\">Librement inspir\u00e9 du film &#8220;Tchao Pantin&#8221; 1983 Claude Berri.<\/span><\/p>\n<p><span style=\"color: #000000;\">Edition num\u00e9rot\u00e9e sur 350 exemplaires.<\/span><\/p>\n<p><span style=\"color: #000000;\">Hauteur 31 cm.<\/span><br \/>\n<span style=\"color: #000000;\"> Certificat d&#8217;authenticit\u00e9 num\u00e9rot\u00e9 et sign\u00e9 par Saint-Emett.<\/span><br \/>\n<span style=\"color: #000000;\"> Fabrication artisanale.<\/span><\/p>\n<p><strong>Pour r\u00e9gler par PayPal ou CB :<\/strong><\/p>\n<p><strong>1.visualisez votre panier\u00a0 .\u00a0<\/strong><\/p>\n<p><strong>2<\/strong>.\u00a0<strong>choisissez avant de le valider l&#8217;icone correspondante PayPal ou CB en bas\u00a0 de l&#8217;\u00e9cran<\/strong><\/p>\n<p><strong>3.<\/strong>\u00a0<strong>Ensuite validez votre commande<\/strong><\/p>\n","protected":false},"excerpt":{"rendered":"<p>Statuette caricature en r\u00e9sine sculpt\u00e9e par St\u00e9phane Saint-Emett. Librement inspir\u00e9 du film &#8220;Tchao Pantin&#8221; 1983 Claude Berri. Edition num\u00e9rot\u00e9e sur 350 exemplaires. Hauteur 31 cm. Certificat d&#8217;authenticit\u00e9 num\u00e9rot\u00e9 et sign\u00e9 par Saint-Emett. Fabrication artisanale. Pour [&hellip;]<\/p>\n","protected":false},"featured_media":2025,"comment_status":"closed","ping_status":"closed","template":"","meta":[],"product_brand":[],"product_cat":[22],"product_tag":[],"class_list":{"0":"post-1256","1":"product","2":"type-product","3":"status-publish","4":"has-post-thumbnail","6":"product_cat-non-classe","7":"clearfix","9":"first","10":"outofstock","11":"taxable","12":"shipping-taxable","13":"purchasable","14":"product-type-simple"},"_links":{"self":[{"href":"https:\/\/artifexcomics.fr\/index.php\/wp-json\/wp\/v2\/product\/1256","targetHints":{"allow":["GET"]}}],"collection":[{"href":"https:\/\/artifexcomics.fr\/index.php\/wp-json\/wp\/v2\/product"}],"about":[{"href":"https:\/\/artifexcomics.fr\/index.php\/wp-json\/wp\/v2\/types\/product"}],"replies":[{"embeddable":true,"href":"https:\/\/artifexcomics.fr\/index.php\/wp-json\/wp\/v2\/comments?post=1256"}],"wp:featuredmedia":[{"embeddable":true,"href":"https:\/\/artifexcomics.fr\/index.php\/wp-json\/wp\/v2\/media\/2025"}],"wp:attachment":[{"href":"https:\/\/artifexcomics.fr\/index.php\/wp-json\/wp\/v2\/media?parent=1256"}],"wp:term":[{"taxonomy":"product_brand","embeddable":true,"href":"https:\/\/artifexcomics.fr\/index.php\/wp-json\/wp\/v2\/product_brand?post=1256"},{"taxonomy":"product_cat","embeddable":true,"href":"https:\/\/artifexcomics.fr\/index.php\/wp-json\/wp\/v2\/product_cat?post=1256"},{"taxonomy":"product_tag","embeddable":true,"href":"https:\/\/artifexcomics.fr\/index.php\/wp-json\/wp\/v2\/product_tag?post=1256"}],"curies":[{"name":"wp","href":"https:\/\/api.w.org\/{rel}","templated":true}]}}