{"id":1010,"date":"2018-11-09T16:54:43","date_gmt":"2018-11-09T15:54:43","guid":{"rendered":"https:\/\/artifexcomics.fr\/?post_type=product&#038;p=1010"},"modified":"2026-03-12T11:51:24","modified_gmt":"2026-03-12T10:51:24","slug":"001-jean-paul-belmondo-le-magnifique-costume-bleu-nouveaute-2018","status":"publish","type":"product","link":"https:\/\/artifexcomics.fr\/index.php\/produit\/001-jean-paul-belmondo-le-magnifique-costume-bleu-nouveaute-2018\/","title":{"rendered":"Belmondo &#8220;Le Magnifique&#8221; costume bleu sculpture Saint-Emett"},"content":{"rendered":"<h3><\/h3>\n<p><strong>Statuette caricature de Jean-Paul Belmondo alias Bob Saint Clar, cr\u00e9\u00e9e par Saint-Emett et librement inspir\u00e9 du film &#8220;Le Magnifique&#8221;<\/strong> <span style=\"color: #000000;\">1973 Philippe de Broca\u00a0<\/span><\/p>\n<p><span style=\"color: #000000;\">La version au costume bleu fait parti des 250 exemplaires num\u00e9rot\u00e9s qui seront \u00e9dit\u00e9s avec un costume rose ou bleu (comme l&#8217;affiche du film)<\/span><\/p>\n<p><span style=\"color: #000000;\">Statuette num\u00e9rot\u00e9e\u00a0sur 250 et sign\u00e9e sur le socle par saint-Emett .\u00a0<\/span><br \/>\n<span style=\"color: #000000;\"> R\u00e9sine moul\u00e9e, et peinte \u00e0 la main accompagn\u00e9e d&#8217;un certificat d&#8217;authenticit\u00e9 sign\u00e9 et num\u00e9rot\u00e9 par le sculpteur.<\/span><br \/>\n<span style=\"color: #000000;\"> Hauteur\u00a0 environ 40 cm<\/span><\/p>\n<p>Edit\u00e9e par Artifex pour la Collection Cin\u00e9ma de st\u00e9phane Saint-Emett<\/p>\n<p><strong><span style=\"color: #000000;\">Livraison offerte pour la France<\/span><\/strong><\/p>\n<p><span style=\"color: #000000;\">poids environ 4 kg<\/span><\/p>\n<p><span style=\"color: #000000;\"><strong>&#8221;\u00a0Lorsque je vois une abeille porter le pollen de fleurs en fleurs et perp\u00e9tuer ainsi la vie, j&#8217;ai presque les larmes aux yeux.&#8221;<\/strong><\/span><\/p>\n<p><strong>Fabrication artisanale<\/strong><\/p>\n<p><strong>Livraison Colissimo offerte pour la France uniquement<\/strong><\/p>\n<p>En cas de rupture, contactez-nous par <strong>artifexcomics.sl@gmail.com<\/strong> pour r\u00e9server votre exemplaire sur le prochain arrivage de l&#8217;atelier.<\/p>\n<p><strong>Pour r\u00e9gler par PayPal ou CB :<\/strong><\/p>\n<p><strong>1.visualisez votre panier\u00a0 .\u00a0<\/strong><\/p>\n<p><strong>2<\/strong>.\u00a0<strong>choisissez avant de le valider l&#8217;icone correspondante PayPal ou CB en bas\u00a0 de l&#8217;\u00e9cran<\/strong><\/p>\n<p><strong>3.<\/strong>\u00a0<strong>Ensuite validez votre commande<\/strong><\/p>\n","protected":false},"excerpt":{"rendered":"<p>Caricature de Jean-Paul Belmondo dans le film le Magnifique. Cr\u00e9ation sculpture St\u00e9phane Saint-Emett.<\/p>\n","protected":false},"featured_media":2121,"comment_status":"closed","ping_status":"closed","template":"","meta":[],"product_brand":[],"product_cat":[30,28],"product_tag":[],"class_list":{"0":"post-1010","1":"product","2":"type-product","3":"status-publish","4":"has-post-thumbnail","6":"product_cat-belmondo","7":"product_cat-le-magnifique","8":"clearfix","10":"first","11":"outofstock","12":"taxable","13":"shipping-taxable","14":"purchasable","15":"product-type-simple"},"_links":{"self":[{"href":"https:\/\/artifexcomics.fr\/index.php\/wp-json\/wp\/v2\/product\/1010","targetHints":{"allow":["GET"]}}],"collection":[{"href":"https:\/\/artifexcomics.fr\/index.php\/wp-json\/wp\/v2\/product"}],"about":[{"href":"https:\/\/artifexcomics.fr\/index.php\/wp-json\/wp\/v2\/types\/product"}],"replies":[{"embeddable":true,"href":"https:\/\/artifexcomics.fr\/index.php\/wp-json\/wp\/v2\/comments?post=1010"}],"wp:featuredmedia":[{"embeddable":true,"href":"https:\/\/artifexcomics.fr\/index.php\/wp-json\/wp\/v2\/media\/2121"}],"wp:attachment":[{"href":"https:\/\/artifexcomics.fr\/index.php\/wp-json\/wp\/v2\/media?parent=1010"}],"wp:term":[{"taxonomy":"product_brand","embeddable":true,"href":"https:\/\/artifexcomics.fr\/index.php\/wp-json\/wp\/v2\/product_brand?post=1010"},{"taxonomy":"product_cat","embeddable":true,"href":"https:\/\/artifexcomics.fr\/index.php\/wp-json\/wp\/v2\/product_cat?post=1010"},{"taxonomy":"product_tag","embeddable":true,"href":"https:\/\/artifexcomics.fr\/index.php\/wp-json\/wp\/v2\/product_tag?post=1010"}],"curies":[{"name":"wp","href":"https:\/\/api.w.org\/{rel}","templated":true}]}}