{"id":40,"date":"2016-02-18T09:22:46","date_gmt":"2016-02-18T08:22:46","guid":{"rendered":"https:\/\/artifexcomics.fr\/?page_id=40"},"modified":"2020-11-12T16:17:08","modified_gmt":"2020-11-12T15:17:08","slug":"figurines-tontons-flingueurs","status":"publish","type":"page","link":"https:\/\/artifexcomics.fr\/index.php\/figurines-tontons-flingueurs\/","title":{"rendered":"Qui sommes-nous?"},"content":{"rendered":"<div><span style=\"color: #000000;\">Les figurines de la Collection Cin\u00e9ma cr\u00e9\u00e9es par le sculpteur St\u00e9phane Saint-Emett \u00e9galement associ\u00e9 d&#8217;Artifex, s&#8217;adressent \u00e0 des collectionneurs comme nous passionn\u00e9s par les acteurs et les films cultes des ann\u00e9es 60\/70 (comme Les \u00a0Tontons Flingueurs tir\u00e9es du film \u00a0de G. Lautner &#8230;), les personnages insolites, venant de tous les univers, BD, publicitaires ou pop culture.<\/span><\/div>\n<div><span style=\"color: #000000;\">Artifex est exclusivement d\u00e9di\u00e9 aux cr\u00e9ations des statuettes r\u00e9alis\u00e9es par l&#8217;artiste et associ\u00e9 St\u00e9phane Saint-Emett, nous le suivons dans toutes &#8220;ses aventures&#8221;. Nous \u00e9ditons toutes ses collections : cin\u00e9ma (&#8220;Les Tontons Flingueurs&#8221;, &#8220;Le Clan des Siciliens&#8221;, &#8220;La Grande Vadrouille &#8230;), sa passion pour les acteurs mythiques (Ventura, Gabin, Louis de Funes, Belmondo &#8230;), para BD, ses cr\u00e9ations pures comme la s\u00e9rie des pin-up ou pour personnages publicitaires (les &#8220;Gouttes d&#8217;huile&#8221; d&#8217;Esso).<\/span><\/div>\n<div><span style=\"color: #000000;\">Nous sommes ses \u00e9diteurs exclusifs, nous maitrisons toutes les \u00e9tapes : la sculpture par Saint-Emett, la fabrication en Europe pour garantir la qualit\u00e9 parfaite de nos r\u00e9alisations, et la commercialisation vers nos clients : particuliers ou par des boutiques partenaires.<\/span><\/div>\n<div><span style=\"color: #000000;\">Essayer de vous surprendre par les prochaines cr\u00e9ations de statuettes est notre motivation.<\/span><\/div>\n<p><span style=\"color: #000000;\">nous avons plein de projets en cours, mais entre l&#8217;id\u00e9e, la sculpture, les premiers moulages, le peaufinage et la statuette finie il se passe plusieurs mois, donc patience.<\/span><\/p>\n<div><span style=\"color: #000000;\">En effet, nous sommes et tenons \u00e0 le rester des artisans de la cr\u00e9ation.<\/span><\/div>\n<div><span style=\"color: #000000;\">Nous pouvons mettre notre savoir faire au service de vos projets.<\/span><\/div>\n<div>\n<div><span style=\"color: #000000;\">Nous sommes \u00e0 l&#8217;\u00e9coute de toutes vos suggestions et nous y r\u00e9pondrons avec grand plaisir.<\/span><\/div>\n<div><span style=\"color: #000000;\">\u00a0<\/span><\/div>\n<div><span style=\"color: #000000;\">Cordialement<\/span><\/div>\n<div>Emmanuel Denojean<\/div>\n<div>Co G\u00e9rant ARTIFEX<\/div>\n<div><span style=\"color: #000000;\">\u00a0<\/span><\/div>\n<\/div>\n","protected":false},"excerpt":{"rendered":"<p>Les figurines de la Collection Cin\u00e9ma cr\u00e9\u00e9es par le sculpteur St\u00e9phane Saint-Emett \u00e9galement associ\u00e9 d&#8217;Artifex, s&#8217;adressent \u00e0 des collectionneurs comme nous passionn\u00e9s par les acteurs et les films cultes des ann\u00e9es 60\/70 (comme Les \u00a0Tontons [&hellip;]<\/p>\n","protected":false},"author":1,"featured_media":0,"parent":0,"menu_order":0,"comment_status":"closed","ping_status":"closed","template":"","meta":{"footnotes":""},"class_list":["post-40","page","type-page","status-publish","hentry","clearfix"],"_links":{"self":[{"href":"https:\/\/artifexcomics.fr\/index.php\/wp-json\/wp\/v2\/pages\/40","targetHints":{"allow":["GET"]}}],"collection":[{"href":"https:\/\/artifexcomics.fr\/index.php\/wp-json\/wp\/v2\/pages"}],"about":[{"href":"https:\/\/artifexcomics.fr\/index.php\/wp-json\/wp\/v2\/types\/page"}],"author":[{"embeddable":true,"href":"https:\/\/artifexcomics.fr\/index.php\/wp-json\/wp\/v2\/users\/1"}],"replies":[{"embeddable":true,"href":"https:\/\/artifexcomics.fr\/index.php\/wp-json\/wp\/v2\/comments?post=40"}],"version-history":[{"count":15,"href":"https:\/\/artifexcomics.fr\/index.php\/wp-json\/wp\/v2\/pages\/40\/revisions"}],"predecessor-version":[{"id":1656,"href":"https:\/\/artifexcomics.fr\/index.php\/wp-json\/wp\/v2\/pages\/40\/revisions\/1656"}],"wp:attachment":[{"href":"https:\/\/artifexcomics.fr\/index.php\/wp-json\/wp\/v2\/media?parent=40"}],"curies":[{"name":"wp","href":"https:\/\/api.w.org\/{rel}","templated":true}]}}