{"id":279,"date":"2016-11-02T12:13:19","date_gmt":"2016-11-02T11:13:19","guid":{"rendered":"https:\/\/artifexcomics.fr\/?page_id=279"},"modified":"2018-08-19T08:21:42","modified_gmt":"2018-08-19T07:21:42","slug":"guest-stars-fan-de","status":"publish","type":"page","link":"https:\/\/artifexcomics.fr\/index.php\/guest-stars-fan-de\/","title":{"rendered":"Guest-Stars  fan de &#8230;."},"content":{"rendered":"<figure id=\"attachment_712\" aria-describedby=\"caption-attachment-712\" style=\"width: 208px\" class=\"wp-caption alignnone\"><img loading=\"lazy\" decoding=\"async\" class=\"size-medium wp-image-712\" src=\"https:\/\/artifexcomics.fr\/wp-content\/uploads\/2018\/02\/27337238_1968841966466228_7320461794565450034_n-208x300.jpg\" alt=\"\" width=\"208\" height=\"300\" srcset=\"https:\/\/artifexcomics.fr\/wp-content\/uploads\/2018\/02\/27337238_1968841966466228_7320461794565450034_n-208x300.jpg 208w, https:\/\/artifexcomics.fr\/wp-content\/uploads\/2018\/02\/27337238_1968841966466228_7320461794565450034_n-600x866.jpg 600w, https:\/\/artifexcomics.fr\/wp-content\/uploads\/2018\/02\/27337238_1968841966466228_7320461794565450034_n.jpg 665w\" sizes=\"auto, (max-width: 208px) 100vw, 208px\" \/><figcaption id=\"caption-attachment-712\" class=\"wp-caption-text\"><span style=\"color: #333333;\">remise de la statuette de Rabbi Jacob en hommage \u00e0 son r\u00f4le du chauffeur Salomon dans le film<\/span>.<\/figcaption><\/figure>\n<figure id=\"attachment_642\" aria-describedby=\"caption-attachment-642\" style=\"width: 300px\" class=\"wp-caption alignnone\"><img loading=\"lazy\" decoding=\"async\" class=\"size-medium wp-image-642\" src=\"https:\/\/artifexcomics.fr\/wp-content\/uploads\/2017\/11\/18766678_1805367516446244_9146636306956042633_o-300x207.jpg\" alt=\"\" width=\"300\" height=\"207\" srcset=\"https:\/\/artifexcomics.fr\/wp-content\/uploads\/2017\/11\/18766678_1805367516446244_9146636306956042633_o-300x207.jpg 300w, https:\/\/artifexcomics.fr\/wp-content\/uploads\/2017\/11\/18766678_1805367516446244_9146636306956042633_o-600x414.jpg 600w, https:\/\/artifexcomics.fr\/wp-content\/uploads\/2017\/11\/18766678_1805367516446244_9146636306956042633_o-768x530.jpg 768w, https:\/\/artifexcomics.fr\/wp-content\/uploads\/2017\/11\/18766678_1805367516446244_9146636306956042633_o.jpg 783w\" sizes=\"auto, (max-width: 300px) 100vw, 300px\" \/><figcaption id=\"caption-attachment-642\" class=\"wp-caption-text\"><span style=\"color: #333333;\">Mathieu Madenian devant la sc\u00e8ne de la cuisine des Tontons Fligueurs<\/span><\/figcaption><\/figure>\n<figure id=\"attachment_648\" aria-describedby=\"caption-attachment-648\" style=\"width: 300px\" class=\"wp-caption alignnone\"><img loading=\"lazy\" decoding=\"async\" class=\"size-medium wp-image-648\" src=\"https:\/\/artifexcomics.fr\/wp-content\/uploads\/2017\/11\/Christophe-Lambert-300x169.jpg\" alt=\"\" width=\"300\" height=\"169\" srcset=\"https:\/\/artifexcomics.fr\/wp-content\/uploads\/2017\/11\/Christophe-Lambert-300x169.jpg 300w, https:\/\/artifexcomics.fr\/wp-content\/uploads\/2017\/11\/Christophe-Lambert-600x338.jpg 600w, https:\/\/artifexcomics.fr\/wp-content\/uploads\/2017\/11\/Christophe-Lambert-768x432.jpg 768w, https:\/\/artifexcomics.fr\/wp-content\/uploads\/2017\/11\/Christophe-Lambert-1024x576.jpg 1024w, https:\/\/artifexcomics.fr\/wp-content\/uploads\/2017\/11\/Christophe-Lambert-800x450.jpg 800w\" sizes=\"auto, (max-width: 300px) 100vw, 300px\" \/><figcaption id=\"caption-attachment-648\" class=\"wp-caption-text\"><span style=\"color: #333333;\">Les Tontons Flingueurs pour la collection de Christophe Lambert<\/span><\/figcaption><\/figure>\n<figure id=\"attachment_643\" aria-describedby=\"caption-attachment-643\" style=\"width: 300px\" class=\"wp-caption alignnone\"><img loading=\"lazy\" decoding=\"async\" class=\"size-medium wp-image-643\" src=\"https:\/\/artifexcomics.fr\/wp-content\/uploads\/2017\/11\/18582087_1803137616669234_552829759766108551_n-300x281.jpg\" alt=\"\" width=\"300\" height=\"281\" srcset=\"https:\/\/artifexcomics.fr\/wp-content\/uploads\/2017\/11\/18582087_1803137616669234_552829759766108551_n-300x281.jpg 300w, https:\/\/artifexcomics.fr\/wp-content\/uploads\/2017\/11\/18582087_1803137616669234_552829759766108551_n-600x563.jpg 600w, https:\/\/artifexcomics.fr\/wp-content\/uploads\/2017\/11\/18582087_1803137616669234_552829759766108551_n-768x720.jpg 768w, https:\/\/artifexcomics.fr\/wp-content\/uploads\/2017\/11\/18582087_1803137616669234_552829759766108551_n-800x750.jpg 800w, https:\/\/artifexcomics.fr\/wp-content\/uploads\/2017\/11\/18582087_1803137616669234_552829759766108551_n.jpg 960w\" sizes=\"auto, (max-width: 300px) 100vw, 300px\" \/><figcaption id=\"caption-attachment-643\" class=\"wp-caption-text\"><span style=\"color: #333333;\">Michel Leeb devant la sc\u00e8ne de la cuisine des Tontons Fligueurs<\/span><\/figcaption><\/figure>\n<figure id=\"attachment_288\" aria-describedby=\"caption-attachment-288\" style=\"width: 300px\" class=\"wp-caption alignnone\"><img loading=\"lazy\" decoding=\"async\" class=\"size-medium wp-image-288\" src=\"https:\/\/artifexcomics.fr\/wp-content\/uploads\/2016\/11\/JP-B-anniv_n-300x122.png\" alt=\"Anniversaire JP Belmondo\" width=\"300\" height=\"122\" srcset=\"https:\/\/artifexcomics.fr\/wp-content\/uploads\/2016\/11\/JP-B-anniv_n-300x122.png 300w, https:\/\/artifexcomics.fr\/wp-content\/uploads\/2016\/11\/JP-B-anniv_n-600x244.png 600w, https:\/\/artifexcomics.fr\/wp-content\/uploads\/2016\/11\/JP-B-anniv_n-768x313.png 768w, https:\/\/artifexcomics.fr\/wp-content\/uploads\/2016\/11\/JP-B-anniv_n-800x326.png 800w, https:\/\/artifexcomics.fr\/wp-content\/uploads\/2016\/11\/JP-B-anniv_n.png 950w\" sizes=\"auto, (max-width: 300px) 100vw, 300px\" \/><figcaption id=\"caption-attachment-288\" class=\"wp-caption-text\"><span style=\"color: #333333;\">Bon anniversaire monsieur Belmondo (pour ses 83 ans)<\/span><\/figcaption><\/figure>\n<figure id=\"attachment_287\" aria-describedby=\"caption-attachment-287\" style=\"width: 300px\" class=\"wp-caption alignnone\"><img loading=\"lazy\" decoding=\"async\" class=\"size-medium wp-image-287\" src=\"https:\/\/artifexcomics.fr\/wp-content\/uploads\/2016\/11\/2209933-exclusif-l-acteur-jean-paul-belmondo-a-950x0-2-1-300x200.jpg\" alt=\"Anniversaire JP Belmondo 83 ans\" width=\"300\" height=\"200\" srcset=\"https:\/\/artifexcomics.fr\/wp-content\/uploads\/2016\/11\/2209933-exclusif-l-acteur-jean-paul-belmondo-a-950x0-2-1-300x200.jpg 300w, https:\/\/artifexcomics.fr\/wp-content\/uploads\/2016\/11\/2209933-exclusif-l-acteur-jean-paul-belmondo-a-950x0-2-1-600x400.jpg 600w, https:\/\/artifexcomics.fr\/wp-content\/uploads\/2016\/11\/2209933-exclusif-l-acteur-jean-paul-belmondo-a-950x0-2-1-768x512.jpg 768w, https:\/\/artifexcomics.fr\/wp-content\/uploads\/2016\/11\/2209933-exclusif-l-acteur-jean-paul-belmondo-a-950x0-2-1-800x533.jpg 800w, https:\/\/artifexcomics.fr\/wp-content\/uploads\/2016\/11\/2209933-exclusif-l-acteur-jean-paul-belmondo-a-950x0-2-1.jpg 950w\" sizes=\"auto, (max-width: 300px) 100vw, 300px\" \/><figcaption id=\"caption-attachment-287\" class=\"wp-caption-text\"><span style=\"color: #333333;\">Anniversaire JP Belmondo 83 ans<\/span><\/figcaption><\/figure>\n<figure id=\"attachment_286\" aria-describedby=\"caption-attachment-286\" style=\"width: 300px\" class=\"wp-caption alignnone\"><img loading=\"lazy\" decoding=\"async\" class=\"size-medium wp-image-286\" src=\"https:\/\/artifexcomics.fr\/wp-content\/uploads\/2016\/11\/1Venantino-Venantini_n-300x200.jpg\" alt=\"\" width=\"300\" height=\"200\" srcset=\"https:\/\/artifexcomics.fr\/wp-content\/uploads\/2016\/11\/1Venantino-Venantini_n-300x200.jpg 300w, https:\/\/artifexcomics.fr\/wp-content\/uploads\/2016\/11\/1Venantino-Venantini_n.jpg 309w\" sizes=\"auto, (max-width: 300px) 100vw, 300px\" \/><figcaption id=\"caption-attachment-286\" class=\"wp-caption-text\"><span style=\"color: #333333;\">Venantino Venantini acteur, Pascal dans les Tontons Flingueurs<\/span><\/figcaption><\/figure>\n<figure id=\"attachment_285\" aria-describedby=\"caption-attachment-285\" style=\"width: 300px\" class=\"wp-caption alignnone\"><img loading=\"lazy\" decoding=\"async\" class=\"size-medium wp-image-285\" src=\"https:\/\/artifexcomics.fr\/wp-content\/uploads\/2016\/11\/1Laurent-Baffie_n-300x200.jpg\" alt=\"\" width=\"300\" height=\"200\" srcset=\"https:\/\/artifexcomics.fr\/wp-content\/uploads\/2016\/11\/1Laurent-Baffie_n-300x200.jpg 300w, https:\/\/artifexcomics.fr\/wp-content\/uploads\/2016\/11\/1Laurent-Baffie_n-600x400.jpg 600w, https:\/\/artifexcomics.fr\/wp-content\/uploads\/2016\/11\/1Laurent-Baffie_n-768x512.jpg 768w, https:\/\/artifexcomics.fr\/wp-content\/uploads\/2016\/11\/1Laurent-Baffie_n-800x533.jpg 800w, https:\/\/artifexcomics.fr\/wp-content\/uploads\/2016\/11\/1Laurent-Baffie_n.jpg 960w\" sizes=\"auto, (max-width: 300px) 100vw, 300px\" \/><figcaption id=\"caption-attachment-285\" class=\"wp-caption-text\"><span style=\"color: #333333;\">Laurent Baffie fan des Tontons Flingueurs<\/span><\/figcaption><\/figure>\n<figure id=\"attachment_284\" aria-describedby=\"caption-attachment-284\" style=\"width: 300px\" class=\"wp-caption alignnone\"><img loading=\"lazy\" decoding=\"async\" class=\"size-medium wp-image-284\" src=\"https:\/\/artifexcomics.fr\/wp-content\/uploads\/2016\/11\/Uderzo-scultpture-b5261-300x225.jpg\" alt=\"\" width=\"300\" height=\"225\" srcset=\"https:\/\/artifexcomics.fr\/wp-content\/uploads\/2016\/11\/Uderzo-scultpture-b5261-300x225.jpg 300w, https:\/\/artifexcomics.fr\/wp-content\/uploads\/2016\/11\/Uderzo-scultpture-b5261.jpg 450w\" sizes=\"auto, (max-width: 300px) 100vw, 300px\" \/><figcaption id=\"caption-attachment-284\" class=\"wp-caption-text\"><span style=\"color: #333333;\">Albert Uderzo devant le char le repr\u00e9sentant avec Goscinny (exemplaire unique)<\/span><\/figcaption><\/figure>\n<figure id=\"attachment_283\" aria-describedby=\"caption-attachment-283\" style=\"width: 300px\" class=\"wp-caption alignnone\"><img loading=\"lazy\" decoding=\"async\" class=\"size-medium wp-image-283\" src=\"https:\/\/artifexcomics.fr\/wp-content\/uploads\/2016\/11\/IMG_0040-300x225.jpg\" alt=\"\" width=\"300\" height=\"225\" srcset=\"https:\/\/artifexcomics.fr\/wp-content\/uploads\/2016\/11\/IMG_0040-300x225.jpg 300w, https:\/\/artifexcomics.fr\/wp-content\/uploads\/2016\/11\/IMG_0040-600x450.jpg 600w, https:\/\/artifexcomics.fr\/wp-content\/uploads\/2016\/11\/IMG_0040-768x576.jpg 768w, https:\/\/artifexcomics.fr\/wp-content\/uploads\/2016\/11\/IMG_0040-1024x768.jpg 1024w, https:\/\/artifexcomics.fr\/wp-content\/uploads\/2016\/11\/IMG_0040-800x600.jpg 800w\" sizes=\"auto, (max-width: 300px) 100vw, 300px\" \/><figcaption id=\"caption-attachment-283\" class=\"wp-caption-text\"><span style=\"color: #333333;\">Albert Uderzo commentant ma statue d&#8217;Ob\u00e9lix<\/span><\/figcaption><\/figure>\n<figure id=\"attachment_282\" aria-describedby=\"caption-attachment-282\" style=\"width: 300px\" class=\"wp-caption alignnone\"><img loading=\"lazy\" decoding=\"async\" class=\"size-medium wp-image-282\" src=\"https:\/\/artifexcomics.fr\/wp-content\/uploads\/2016\/11\/image1-300x224.jpg\" alt=\"\" width=\"300\" height=\"224\" srcset=\"https:\/\/artifexcomics.fr\/wp-content\/uploads\/2016\/11\/image1-300x224.jpg 300w, https:\/\/artifexcomics.fr\/wp-content\/uploads\/2016\/11\/image1-600x448.jpg 600w, https:\/\/artifexcomics.fr\/wp-content\/uploads\/2016\/11\/image1-768x574.jpg 768w, https:\/\/artifexcomics.fr\/wp-content\/uploads\/2016\/11\/image1-1024x765.jpg 1024w, https:\/\/artifexcomics.fr\/wp-content\/uploads\/2016\/11\/image1-800x598.jpg 800w\" sizes=\"auto, (max-width: 300px) 100vw, 300px\" \/><figcaption id=\"caption-attachment-282\" class=\"wp-caption-text\"><span style=\"color: #333333;\">R\u00e9my Julienne avec la statuette de son ami Jean-Paul Belmondo dans Borsalino<\/span><\/figcaption><\/figure>\n<figure id=\"attachment_281\" aria-describedby=\"caption-attachment-281\" style=\"width: 300px\" class=\"wp-caption alignnone\"><img loading=\"lazy\" decoding=\"async\" class=\"size-medium wp-image-281\" src=\"https:\/\/artifexcomics.fr\/wp-content\/uploads\/2016\/11\/483113_539537046059636_1826035833_n-300x300.jpg\" alt=\"\" width=\"300\" height=\"300\" srcset=\"https:\/\/artifexcomics.fr\/wp-content\/uploads\/2016\/11\/483113_539537046059636_1826035833_n-300x300.jpg 300w, https:\/\/artifexcomics.fr\/wp-content\/uploads\/2016\/11\/483113_539537046059636_1826035833_n-100x100.jpg 100w, https:\/\/artifexcomics.fr\/wp-content\/uploads\/2016\/11\/483113_539537046059636_1826035833_n-600x600.jpg 600w, https:\/\/artifexcomics.fr\/wp-content\/uploads\/2016\/11\/483113_539537046059636_1826035833_n-150x150.jpg 150w, https:\/\/artifexcomics.fr\/wp-content\/uploads\/2016\/11\/483113_539537046059636_1826035833_n-768x768.jpg 768w, https:\/\/artifexcomics.fr\/wp-content\/uploads\/2016\/11\/483113_539537046059636_1826035833_n.jpg 800w\" sizes=\"auto, (max-width: 300px) 100vw, 300px\" \/><figcaption id=\"caption-attachment-281\" class=\"wp-caption-text\"><span style=\"color: #333333;\">Anne Goscinny devant le char r\u00e9presentant Uderzo et son p\u00e8re en empereur romain (exemplaire Unique)<\/span><\/figcaption><\/figure>\n<figure id=\"attachment_280\" aria-describedby=\"caption-attachment-280\" style=\"width: 300px\" class=\"wp-caption alignnone\"><img loading=\"lazy\" decoding=\"async\" class=\"size-medium wp-image-280\" src=\"https:\/\/artifexcomics.fr\/wp-content\/uploads\/2016\/11\/14718743_548165392020824_8728531758122692196_n-300x225.jpg\" alt=\"\" width=\"300\" height=\"225\" srcset=\"https:\/\/artifexcomics.fr\/wp-content\/uploads\/2016\/11\/14718743_548165392020824_8728531758122692196_n-300x225.jpg 300w, https:\/\/artifexcomics.fr\/wp-content\/uploads\/2016\/11\/14718743_548165392020824_8728531758122692196_n-600x450.jpg 600w, https:\/\/artifexcomics.fr\/wp-content\/uploads\/2016\/11\/14718743_548165392020824_8728531758122692196_n-768x576.jpg 768w, https:\/\/artifexcomics.fr\/wp-content\/uploads\/2016\/11\/14718743_548165392020824_8728531758122692196_n-800x600.jpg 800w, https:\/\/artifexcomics.fr\/wp-content\/uploads\/2016\/11\/14718743_548165392020824_8728531758122692196_n.jpg 960w\" sizes=\"auto, (max-width: 300px) 100vw, 300px\" \/><figcaption id=\"caption-attachment-280\" class=\"wp-caption-text\"><span style=\"color: #333333;\">cadeau anniversaire R\u00e9my Julienne<\/span><\/figcaption><\/figure>\n<figure id=\"attachment_711\" aria-describedby=\"caption-attachment-711\" style=\"width: 253px\" class=\"wp-caption alignnone\"><img loading=\"lazy\" decoding=\"async\" class=\"size-medium wp-image-711\" src=\"https:\/\/artifexcomics.fr\/wp-content\/uploads\/2018\/02\/26992742_1968842309799527_7981110895485556620_n-253x300.jpg\" alt=\"\" width=\"253\" height=\"300\" srcset=\"https:\/\/artifexcomics.fr\/wp-content\/uploads\/2018\/02\/26992742_1968842309799527_7981110895485556620_n-253x300.jpg 253w, https:\/\/artifexcomics.fr\/wp-content\/uploads\/2018\/02\/26992742_1968842309799527_7981110895485556620_n-600x713.jpg 600w, https:\/\/artifexcomics.fr\/wp-content\/uploads\/2018\/02\/26992742_1968842309799527_7981110895485556620_n-768x912.jpg 768w, https:\/\/artifexcomics.fr\/wp-content\/uploads\/2018\/02\/26992742_1968842309799527_7981110895485556620_n-800x950.jpg 800w, https:\/\/artifexcomics.fr\/wp-content\/uploads\/2018\/02\/26992742_1968842309799527_7981110895485556620_n.jpg 808w\" sizes=\"auto, (max-width: 253px) 100vw, 253px\" \/><figcaption id=\"caption-attachment-711\" class=\"wp-caption-text\"><span style=\"color: #333333;\">remise de la statuette \u00e0 Henri Guybet de Rabbi Jacob en hommage \u00e0 son r\u00f4le du chauffeur Salomon dans le film.<\/span><\/figcaption><\/figure>\n<p><img loading=\"lazy\" decoding=\"async\" class=\"alignnone size-medium wp-image-647\" src=\"https:\/\/artifexcomics.fr\/wp-content\/uploads\/2017\/11\/18620839_1802940323355630_3908248088612302356_o-300x241.jpg\" alt=\"\" width=\"300\" height=\"241\" srcset=\"https:\/\/artifexcomics.fr\/wp-content\/uploads\/2017\/11\/18620839_1802940323355630_3908248088612302356_o-300x241.jpg 300w, https:\/\/artifexcomics.fr\/wp-content\/uploads\/2017\/11\/18620839_1802940323355630_3908248088612302356_o-600x481.jpg 600w, https:\/\/artifexcomics.fr\/wp-content\/uploads\/2017\/11\/18620839_1802940323355630_3908248088612302356_o-768x616.jpg 768w, https:\/\/artifexcomics.fr\/wp-content\/uploads\/2017\/11\/18620839_1802940323355630_3908248088612302356_o-1024x821.jpg 1024w, https:\/\/artifexcomics.fr\/wp-content\/uploads\/2017\/11\/18620839_1802940323355630_3908248088612302356_o-800x641.jpg 800w, https:\/\/artifexcomics.fr\/wp-content\/uploads\/2017\/11\/18620839_1802940323355630_3908248088612302356_o.jpg 2048w\" sizes=\"auto, (max-width: 300px) 100vw, 300px\" \/> \u00a0<img loading=\"lazy\" decoding=\"async\" class=\"alignnone size-medium wp-image-646\" src=\"https:\/\/artifexcomics.fr\/wp-content\/uploads\/2017\/11\/18620542_1802276243422038_5837495083784039284_o-1-300x226.jpg\" alt=\"\" width=\"300\" height=\"226\" srcset=\"https:\/\/artifexcomics.fr\/wp-content\/uploads\/2017\/11\/18620542_1802276243422038_5837495083784039284_o-1-300x226.jpg 300w, https:\/\/artifexcomics.fr\/wp-content\/uploads\/2017\/11\/18620542_1802276243422038_5837495083784039284_o-1-600x452.jpg 600w, https:\/\/artifexcomics.fr\/wp-content\/uploads\/2017\/11\/18620542_1802276243422038_5837495083784039284_o-1-768x579.jpg 768w, https:\/\/artifexcomics.fr\/wp-content\/uploads\/2017\/11\/18620542_1802276243422038_5837495083784039284_o-1-1024x772.jpg 1024w, https:\/\/artifexcomics.fr\/wp-content\/uploads\/2017\/11\/18620542_1802276243422038_5837495083784039284_o-1-800x603.jpg 800w, https:\/\/artifexcomics.fr\/wp-content\/uploads\/2017\/11\/18620542_1802276243422038_5837495083784039284_o-1.jpg 2048w\" sizes=\"auto, (max-width: 300px) 100vw, 300px\" \/> <img loading=\"lazy\" decoding=\"async\" class=\"alignnone size-medium wp-image-645\" src=\"https:\/\/artifexcomics.fr\/wp-content\/uploads\/2017\/11\/18595373_1804205896562406_5314440945416785489_o-1-300x227.jpg\" alt=\"\" width=\"300\" height=\"227\" srcset=\"https:\/\/artifexcomics.fr\/wp-content\/uploads\/2017\/11\/18595373_1804205896562406_5314440945416785489_o-1-300x227.jpg 300w, https:\/\/artifexcomics.fr\/wp-content\/uploads\/2017\/11\/18595373_1804205896562406_5314440945416785489_o-1-600x454.jpg 600w, https:\/\/artifexcomics.fr\/wp-content\/uploads\/2017\/11\/18595373_1804205896562406_5314440945416785489_o-1-768x581.jpg 768w, https:\/\/artifexcomics.fr\/wp-content\/uploads\/2017\/11\/18595373_1804205896562406_5314440945416785489_o-1-1024x774.jpg 1024w, https:\/\/artifexcomics.fr\/wp-content\/uploads\/2017\/11\/18595373_1804205896562406_5314440945416785489_o-1-800x605.jpg 800w, https:\/\/artifexcomics.fr\/wp-content\/uploads\/2017\/11\/18595373_1804205896562406_5314440945416785489_o-1.jpg 2048w\" sizes=\"auto, (max-width: 300px) 100vw, 300px\" \/> <img loading=\"lazy\" decoding=\"async\" class=\"alignnone size-medium wp-image-644\" src=\"https:\/\/artifexcomics.fr\/wp-content\/uploads\/2017\/11\/18588830_1802940406688955_169263809877876748_o-249x300.jpg\" alt=\"\" width=\"249\" height=\"300\" srcset=\"https:\/\/artifexcomics.fr\/wp-content\/uploads\/2017\/11\/18588830_1802940406688955_169263809877876748_o-249x300.jpg 249w, https:\/\/artifexcomics.fr\/wp-content\/uploads\/2017\/11\/18588830_1802940406688955_169263809877876748_o-600x724.jpg 600w, https:\/\/artifexcomics.fr\/wp-content\/uploads\/2017\/11\/18588830_1802940406688955_169263809877876748_o-768x926.jpg 768w, https:\/\/artifexcomics.fr\/wp-content\/uploads\/2017\/11\/18588830_1802940406688955_169263809877876748_o.jpg 796w\" sizes=\"auto, (max-width: 249px) 100vw, 249px\" \/> <img loading=\"lazy\" decoding=\"async\" class=\"alignnone size-medium wp-image-288\" src=\"https:\/\/artifexcomics.fr\/wp-content\/uploads\/2016\/11\/JP-B-anniv_n-300x122.png\" alt=\"jp-b-anniv_n\" width=\"300\" height=\"122\" srcset=\"https:\/\/artifexcomics.fr\/wp-content\/uploads\/2016\/11\/JP-B-anniv_n-300x122.png 300w, https:\/\/artifexcomics.fr\/wp-content\/uploads\/2016\/11\/JP-B-anniv_n-600x244.png 600w, https:\/\/artifexcomics.fr\/wp-content\/uploads\/2016\/11\/JP-B-anniv_n-768x313.png 768w, https:\/\/artifexcomics.fr\/wp-content\/uploads\/2016\/11\/JP-B-anniv_n-800x326.png 800w, https:\/\/artifexcomics.fr\/wp-content\/uploads\/2016\/11\/JP-B-anniv_n.png 950w\" sizes=\"auto, (max-width: 300px) 100vw, 300px\" \/><\/p>\n<figure id=\"attachment_649\" aria-describedby=\"caption-attachment-649\" style=\"width: 222px\" class=\"wp-caption alignnone\"><img loading=\"lazy\" decoding=\"async\" class=\"size-medium wp-image-649\" src=\"https:\/\/artifexcomics.fr\/wp-content\/uploads\/2017\/11\/JPB-STEPH-222x300.jpg\" alt=\"\" width=\"222\" height=\"300\" srcset=\"https:\/\/artifexcomics.fr\/wp-content\/uploads\/2017\/11\/JPB-STEPH-222x300.jpg 222w, https:\/\/artifexcomics.fr\/wp-content\/uploads\/2017\/11\/JPB-STEPH-600x812.jpg 600w, https:\/\/artifexcomics.fr\/wp-content\/uploads\/2017\/11\/JPB-STEPH-768x1040.jpg 768w, https:\/\/artifexcomics.fr\/wp-content\/uploads\/2017\/11\/JPB-STEPH-756x1024.jpg 756w, https:\/\/artifexcomics.fr\/wp-content\/uploads\/2017\/11\/JPB-STEPH-800x1083.jpg 800w\" sizes=\"auto, (max-width: 222px) 100vw, 222px\" \/><figcaption id=\"caption-attachment-649\" class=\"wp-caption-text\"><span style=\"color: #333333;\">anniversaire 83 ans JP Belmondo pour ses 83 ans cadeau de Saint-Emett<\/span><\/figcaption><\/figure>\n<figure id=\"attachment_912\" aria-describedby=\"caption-attachment-912\" style=\"width: 300px\" class=\"wp-caption alignnone\"><img loading=\"lazy\" decoding=\"async\" class=\"size-medium wp-image-912\" src=\"https:\/\/artifexcomics.fr\/wp-content\/uploads\/2018\/08\/Fran\u00e7ois-Allain-St-Emett-300x225.jpg\" alt=\"Fran\u00e7ois Allain\" width=\"300\" height=\"225\" srcset=\"https:\/\/artifexcomics.fr\/wp-content\/uploads\/2018\/08\/Fran\u00e7ois-Allain-St-Emett-300x225.jpg 300w, https:\/\/artifexcomics.fr\/wp-content\/uploads\/2018\/08\/Fran\u00e7ois-Allain-St-Emett-600x450.jpg 600w, https:\/\/artifexcomics.fr\/wp-content\/uploads\/2018\/08\/Fran\u00e7ois-Allain-St-Emett.jpg 720w\" sizes=\"auto, (max-width: 300px) 100vw, 300px\" \/><figcaption id=\"caption-attachment-912\" class=\"wp-caption-text\"><span style=\"color: #333333;\">Les statuettes Tontons Flingueurs &#8220;Prie Dieu&#8221; avec mon ami Fran\u00e7ois Allain (RMC Vintage Mecanic)<\/span><\/figcaption><\/figure>\n<figure id=\"attachment_753\" aria-describedby=\"caption-attachment-753\" style=\"width: 300px\" class=\"wp-caption alignnone\"><img loading=\"lazy\" decoding=\"async\" class=\"size-medium wp-image-753\" src=\"https:\/\/artifexcomics.fr\/wp-content\/uploads\/2018\/04\/claude-Bowling-2-300x225.jpg\" alt=\"\" width=\"300\" height=\"225\" srcset=\"https:\/\/artifexcomics.fr\/wp-content\/uploads\/2018\/04\/claude-Bowling-2-300x225.jpg 300w, https:\/\/artifexcomics.fr\/wp-content\/uploads\/2018\/04\/claude-Bowling-2-600x450.jpg 600w, https:\/\/artifexcomics.fr\/wp-content\/uploads\/2018\/04\/claude-Bowling-2-768x576.jpg 768w, https:\/\/artifexcomics.fr\/wp-content\/uploads\/2018\/04\/claude-Bowling-2-1024x768.jpg 1024w, https:\/\/artifexcomics.fr\/wp-content\/uploads\/2018\/04\/claude-Bowling-2-800x600.jpg 800w\" sizes=\"auto, (max-width: 300px) 100vw, 300px\" \/><figcaption id=\"caption-attachment-753\" class=\"wp-caption-text\"><span style=\"color: #333333;\">Monsieur Claude Bolling (ici avec son ami St\u00e9phane Mulys) , pianiste virtuose , arrangeur, chef d&#8217;orchestre compositeur de jazz mais aussi de musiques de film<\/span>s<\/figcaption><\/figure>\n<figure id=\"attachment_752\" aria-describedby=\"caption-attachment-752\" style=\"width: 300px\" class=\"wp-caption alignnone\"><img loading=\"lazy\" decoding=\"async\" class=\"size-medium wp-image-752\" src=\"https:\/\/artifexcomics.fr\/wp-content\/uploads\/2018\/04\/claude-bowling-300x225.jpg\" alt=\"Claude Bolling &quot;Borsalino&quot;\" width=\"300\" height=\"225\" srcset=\"https:\/\/artifexcomics.fr\/wp-content\/uploads\/2018\/04\/claude-bowling-300x225.jpg 300w, https:\/\/artifexcomics.fr\/wp-content\/uploads\/2018\/04\/claude-bowling-600x450.jpg 600w, https:\/\/artifexcomics.fr\/wp-content\/uploads\/2018\/04\/claude-bowling-768x576.jpg 768w, https:\/\/artifexcomics.fr\/wp-content\/uploads\/2018\/04\/claude-bowling-1024x768.jpg 1024w, https:\/\/artifexcomics.fr\/wp-content\/uploads\/2018\/04\/claude-bowling-800x600.jpg 800w\" sizes=\"auto, (max-width: 300px) 100vw, 300px\" \/><figcaption id=\"caption-attachment-752\" class=\"wp-caption-text\"><span style=\"color: #333333;\">Monsieur Claude Bolling (ici avec son ami St\u00e9phane Mulys) , pianiste virtuose , arrangeur, chef d&#8217;orchestre et compositeur de jazz mais aussi de musiques de films<\/span><\/figcaption><\/figure>\n<p>&nbsp;<\/p>\n<figure id=\"attachment_289\" aria-describedby=\"caption-attachment-289\" style=\"width: 200px\" class=\"wp-caption alignnone\"><img loading=\"lazy\" decoding=\"async\" class=\"size-medium wp-image-289\" src=\"https:\/\/artifexcomics.fr\/wp-content\/uploads\/2016\/11\/Joey-Starr_n-200x300.jpg\" alt=\"\" width=\"200\" height=\"300\" srcset=\"https:\/\/artifexcomics.fr\/wp-content\/uploads\/2016\/11\/Joey-Starr_n-200x300.jpg 200w, https:\/\/artifexcomics.fr\/wp-content\/uploads\/2016\/11\/Joey-Starr_n.jpg 206w\" sizes=\"auto, (max-width: 200px) 100vw, 200px\" \/><figcaption id=\"caption-attachment-289\" class=\"wp-caption-text\"><span style=\"color: #333333;\">Joey Starr avec Tonton Fernand<\/span><\/figcaption><\/figure>\n<p>:<\/p>\n","protected":false},"excerpt":{"rendered":"<p>\u00a0 &nbsp; :<\/p>\n","protected":false},"author":1,"featured_media":649,"parent":0,"menu_order":0,"comment_status":"closed","ping_status":"closed","template":"","meta":{"footnotes":""},"class_list":["post-279","page","type-page","status-publish","has-post-thumbnail","hentry","clearfix"],"_links":{"self":[{"href":"https:\/\/artifexcomics.fr\/index.php\/wp-json\/wp\/v2\/pages\/279","targetHints":{"allow":["GET"]}}],"collection":[{"href":"https:\/\/artifexcomics.fr\/index.php\/wp-json\/wp\/v2\/pages"}],"about":[{"href":"https:\/\/artifexcomics.fr\/index.php\/wp-json\/wp\/v2\/types\/page"}],"author":[{"embeddable":true,"href":"https:\/\/artifexcomics.fr\/index.php\/wp-json\/wp\/v2\/users\/1"}],"replies":[{"embeddable":true,"href":"https:\/\/artifexcomics.fr\/index.php\/wp-json\/wp\/v2\/comments?post=279"}],"version-history":[{"count":14,"href":"https:\/\/artifexcomics.fr\/index.php\/wp-json\/wp\/v2\/pages\/279\/revisions"}],"predecessor-version":[{"id":650,"href":"https:\/\/artifexcomics.fr\/index.php\/wp-json\/wp\/v2\/pages\/279\/revisions\/650"}],"wp:featuredmedia":[{"embeddable":true,"href":"https:\/\/artifexcomics.fr\/index.php\/wp-json\/wp\/v2\/media\/649"}],"wp:attachment":[{"href":"https:\/\/artifexcomics.fr\/index.php\/wp-json\/wp\/v2\/media?parent=279"}],"curies":[{"name":"wp","href":"https:\/\/api.w.org\/{rel}","templated":true}]}}