{"id":137,"date":"2016-06-21T14:38:05","date_gmt":"2016-06-21T13:38:05","guid":{"rendered":"https:\/\/artifexcomics.fr\/?page_id=137"},"modified":"2024-10-09T14:23:06","modified_gmt":"2024-10-09T13:23:06","slug":"revendeurs","status":"publish","type":"page","link":"https:\/\/artifexcomics.fr\/index.php\/revendeurs\/","title":{"rendered":"Revendeurs Partenaires officiels Saint-Emett \/ Artifex"},"content":{"rendered":"<p><span style=\"color: #000000;\"><b>Les cr\u00e9ations Saint-Emett sont visibles \u00a0et toutes les statuettes pr\u00e9sent\u00e9es sur notre site peuvent\u00a0 \u00eatre command\u00e9es aupr\u00e8s de nos boutiques partenaires :<\/b><\/span><\/p>\n<p><strong><span style=\"color: #000000;\">Au PLAT D&#8217;ETAIN\u00a0 \u00a0 \u00a0 \u00a0 \u00a016\u00a0 rue Guisarde 75006 PARIS\u00a0 \u00a0 \u00a0 \u00a0 \u00a0 \u00a0 \u00a0 \u00a0 \u00a0 \u00a0 \u00a0 \u00a0 \u00a0 \u00a0 \u00a0 \u00a0 tel : 01 43 54 32 06 &#8211;<\/span><\/strong><\/p>\n<p><strong><span style=\"color: #000000;\">ARCHEODECO\u00a0 \u00a0 \u00a0 \u00a0 \u00a0 \u00a0 \u00a0 \u00a05 place Nationale 82000 MONTAUBAN\u00a0 \u00a0 \u00a0 \u00a0 \u00a0 \u00a0 \u00a0 \u00a0 tel : 05 63 63 74 71\u00a0\u00a0<\/span><\/strong><\/p>\n<p><strong><span style=\"color: #000000;\">ANTAN ET NEO\u00a0 \u00a0 \u00a0 \u00a0 \u00a0 \u00a017 rue Corr\u00e8ze 19100 BRIVE LA GAILLARDE\u00a0 \u00a0 \u00a0 \u00a0 \u00a0 tel :\u00a0\u00a005 55<span class=\"_Xbe _ZWk kno-fv\"><a class=\"fl r-i0lYLf1DkDVs\" title=\"Appeler avec Hangouts\" data-number=\"+33555876547\" data-pstn-out-call-url=\"\" data-rtid=\"i0lYLf1DkDVs\" data-ved=\"0ahUKEwiM7tXG8ubRAhUNlxQKHaRnCe8QkAgIhQEoADAQ\"><span style=\"color: #000000;\"> 87 65 47 \/ 06 61 44 11 97<\/span><\/a><\/span><\/span><\/strong><\/p>\n<p><strong><span style=\"color: #000000;\">TUVACHE ET FILS \u00a0 \u00a0 \u00a0 34 rue des Changes 28000 CHARTRES\u00a0 \u00a0 \u00a0 \u00a0 \u00a0 \u00a0 \u00a0 \u00a0 \u00a0 \u00a0 \u00a0tel : 02 37 21 60 43\u00a0<\/span><\/strong><\/p>\n<p><strong><span style=\"color: #000000;\">QADRATUS\u00a0 \u00a0 \u00a0 \u00a0 \u00a0 \u00a0 \u00a0 \u00a0 \u00a0 \u00a032 rue Jean Qu\u00e9hen\u00a0 \u00a062100 CALAIS\u00a0 \u00a0 \u00a0 \u00a0 \u00a0 \u00a0 \u00a0 \u00a0 \u00a0 \u00a0 \u00a0 \u00a0tel : 03 61 28 49 25\u00a0\u00a0<\/span><\/strong><\/p>\n<p><strong><span style=\"color: #000000;\">DIMEX\u00a0 \u00a0 \u00a0 \u00a0 \u00a0 \u00a0 \u00a0 \u00a0 \u00a0 \u00a0 5 Avenue Gay Lussac, 13470 Carnoux-en-Provence\u00a0 \u00a0t\u00e9l\u00e9phone<span class=\"w8qArf\">\u00a0: 0442737637\u00a0<\/span><\/span><\/strong><\/p>\n<p><span style=\"color: #000000;\"><strong>LA MARQUE <span style=\"color: #000000;\">JAUNE<\/span>\u00a0 \u00a0 72 rue de Poissy 78100 Saint-Germain-en-Laye\u00a0 \u00a0 t\u00e9l\u00e9phone :\u00a0 0130610262<\/strong><\/span><\/p>\n<p><strong>LA PLUME ROSE\u00a0 \u00a0 <span class=\"w8qArf\">\u00a0 \u00a0 \u00a0 \u00a0<\/span><span class=\"LrzXr\">2 Rue Charles de R\u00e9musat, 31000 Toulouse\u00a0 \u00a0 \u00a0 \u00a0 <span style=\"color: #000000;\"><span class=\"w8qArf\"><a class=\"fl\" style=\"color: #000000;\" href=\"https:\/\/www.google.com\/search?sca_esv=573120737&amp;sxsrf=AM9HkKl42Y14Ct6MbumsUfcQYwgXrKmrQg:1697184398699&amp;q=la+plume+rose+t%C3%A9l%C3%A9phone&amp;ludocid=1948005502509042335&amp;sa=X&amp;ved=2ahUKEwjMqc_JyPKBAxWMVaQEHas9A3YQ6BN6BAhHEAI\" data-ved=\"2ahUKEwjMqc_JyPKBAxWMVaQEHas9A3YQ6BN6BAhHEAI\">T\u00e9l\u00e9phone<\/a>\u00a0:\u00a0<\/span><span class=\"LrzXr zdqRlf kno-fv\"><a style=\"color: #000000;\" href=\"https:\/\/www.google.com\/search?gs_ssp=eJzj4tVP1zc0TCrJKS4yN042YLRSNagwNEpMTUq2TDVMMjQxtkiytAIKJRlYJJkkpqalWKQmJ1qmeYnlJCoU5JTmpioU5RenKpTkl-bklxanAgCUrxjh&amp;q=la+plume+rose+toulouse&amp;oq=LA+PLUME+ROSE&amp;gs_lcrp=EgZjaHJvbWUqGAgBEC4YJxivARjHARiLAximAxioAxiKBTIGCAAQRRg5MhgIARAuGCcYrwEYxwEYiwMYpgMYqAMYigUyCggCEAAYiwMYgAQyCggDEAAYiwMYgAQyCwgEEAAYFhgeGIsDMgsIBRAAGBYYHhiLAzILCAYQABgWGB4YiwMyCwgHEAAYFhgeGIsDMgYICBBFGEDSAQg2NjkxajFqN6gCALACAA&amp;sourceid=chrome&amp;ie=UTF-8#\" data-dtype=\"d3ph\" data-local-attribute=\"d3ph\" data-ved=\"2ahUKEwjMqc_JyPKBAxWMVaQEHas9A3YQkAgoAHoECEcQAw\"><span aria-label=\"Appeler le 05 62 89 55 58\">05 62 89 55 58<\/span><\/a><\/span><\/span><\/span><\/strong><\/p>\n<p><strong>LA MAISON MER\u00a0 \u00a0 \u00a0 \u00a0 <\/strong><span class=\"LrzXr\"><strong>26 Rue Alphonse Karr, 76790 \u00c9tretat<\/strong>\u00a0 \u00a0 \u00a0 \u00a0 \u00a0 \u00a0 \u00a0 \u00a0 \u00a0 \u00a0 \u00a0<strong><span style=\"color: #000000;\"><span class=\"w8qArf\"><a class=\"fl\" style=\"color: #000000;\" href=\"https:\/\/www.google.com\/search?sca_esv=573120737&amp;sxsrf=AM9HkKndsOU-pT3h3_pwgt8EGXAm1WablQ:1697184511240&amp;q=la+maison+mer+%C3%A9tretat+t%C3%A9l%C3%A9phone&amp;ludocid=15442599924057097373&amp;sa=X&amp;sqi=2&amp;ved=2ahUKEwiF46P_yPKBAxWWTKQEHf6EDCEQ6BN6BAg6EAI\" data-ved=\"2ahUKEwiF46P_yPKBAxWWTKQEHf6EDCEQ6BN6BAg6EAI\">T\u00e9l\u00e9phone<\/a>\u00a0:\u00a0<\/span><span class=\"LrzXr zdqRlf kno-fv\"><a style=\"color: #000000;\" href=\"https:\/\/www.google.com\/search?q=LA+MAISON+MER+ETRETAT&amp;oq=LA+MAISON+MER+ETRETAT&amp;gs_lcrp=EgZjaHJvbWUyDAgAEEUYORjjAhiABDIICAEQABgWGB4yBggCEEUYQNIBCTE0MzI3ajBqN6gCALACAA&amp;sourceid=chrome&amp;ie=UTF-8#\" data-dtype=\"d3ph\" data-local-attribute=\"d3ph\" data-ved=\"2ahUKEwiF46P_yPKBAxWWTKQEHf6EDCEQkAgoAHoECDoQAw\"><span aria-label=\"Appeler le 02 35 27 12 63\">02 35 27 12 63<\/span><\/a><\/span>\u00a0 <\/span><\/strong><\/span><\/p>\n<p><span class=\"LrzXr\"><strong><span style=\"color: #000000;\">COCOON HOUDAN\u00a0 \u00a0<\/span><\/strong>\u00a0<strong>58 Rue de Paris, 78550 Houdan\u00a0 \u00a0 \u00a0 \u00a0 \u00a0 \u00a0 \u00a0 \u00a0 \u00a0 \u00a0 \u00a0 \u00a0 \u00a0 \u00a0 <span style=\"color: #000000;\">\u00a0 <span class=\"w8qArf\"><a class=\"fl\" style=\"color: #000000;\" href=\"https:\/\/www.google.com\/search?sca_esv=573120737&amp;sxsrf=AM9HkKnSTDuLkI0U7pIRDiOZSMEudl7UnA:1697184806739&amp;q=cocoon+houdan+t%C3%A9l%C3%A9phone&amp;ludocid=8420602969491399774&amp;sa=X&amp;ved=2ahUKEwjrhpiMyvKBAxWqVKQEHb2XAB4Q6BN6BAhBEAI\" data-ved=\"2ahUKEwjrhpiMyvKBAxWqVKQEHb2XAB4Q6BN6BAhBEAI\">T\u00e9l\u00e9phone<\/a>\u00a0:\u00a0<\/span><span class=\"LrzXr zdqRlf kno-fv\"><a style=\"color: #000000;\" href=\"https:\/\/www.google.com\/search?gs_ssp=eJzj4tVP1zc0TMvLTUmvykgxYLRSNagwMU81SzQ1NzMwMEs2szQwtjKoMDdJSUpLSbY0NTcyMjMxTfXiTc5Pzs_PU8jIL01JzAMAsJ8UYQ&amp;q=cocoon+houdan&amp;oq=cocoon+houdan&amp;gs_lcrp=EgZjaHJvbWUqDQgBEC4YrwEYxwEYgAQyCggAEAAY4wIYgAQyDQgBEC4YrwEYxwEYgAQyCAgCEAAYFhge0gEINzcxN2oxajeoAgCwAgA&amp;sourceid=chrome&amp;ie=UTF-8#\" data-dtype=\"d3ph\" data-local-attribute=\"d3ph\" data-ved=\"2ahUKEwjrhpiMyvKBAxWqVKQEHb2XAB4QkAgoAHoECEEQAw\"><span aria-label=\"Appeler le 01 34 86 71 21\">01 34 86 71 21<\/span><\/a><\/span><\/span><\/strong><\/span><\/p>\n<div class=\"QsDR1c\">\n<div class=\"wDYxhc\" lang=\"fr-FR\" data-attrid=\"kc:\/collection\/knowledge_panels\/has_phone:phone\" data-md=\"1006\" data-hveid=\"CDoQAA\" data-ved=\"2ahUKEwiF46P_yPKBAxWWTKQEHf6EDCEQkCl6BAg6EAA\">\n<div class=\"Z1hOCe\"><strong>LABELIMAGE\u00a0 \u00a0 \u00a0 \u00a0 \u00a0 \u00a0 \u00a0 5 place Rose Goudard\u00a0 84800 L&#8217;Isle sur la Sorgue\u00a0 \u00a0 T\u00e9l\u00e9phone : 06 85 07 28 68<\/strong><\/div>\n<\/div>\n<\/div>\n<h2><\/h2>\n<div class=\"QsDR1c\">\n<div class=\"wDYxhc\" lang=\"fr-FR\" data-attrid=\"kc:\/location\/location:address\" data-md=\"1002\" data-hveid=\"CEEQAA\" data-ved=\"2ahUKEwiF46P_yPKBAxWWTKQEHf6EDCEQkCl6BAhBEAA\">\n<div class=\"Z1hOCe\">\n<div class=\"zloOqf PZPZlf\" data-dtype=\"d3ifr\" data-local-attribute=\"d3adr\" data-mid=\"\/g\/11sy73nd5n\" data-ved=\"2ahUKEwiF46P_yPKBAxWWTKQEHf6EDCEQghwoAHoECEEQAQ\">\n<div class=\"GnGVVe\"><\/div>\n<div class=\"GDRHkb\" data-at=\"5\" data-uid=\"1\"><\/div>\n<div class=\"GDRHkb\" data-at=\"2\" data-uid=\"1\"><\/div>\n<\/div>\n<\/div>\n<\/div>\n<\/div>\n<div><\/div>\n<div class=\"owjCYb\"><\/div>\n<div class=\"QsDR1c\">\n<div class=\"wDYxhc\" lang=\"fr-FR\" data-attrid=\"kc:\/collection\/knowledge_panels\/has_phone:phone\" data-md=\"1006\" data-hveid=\"CDoQAA\" data-ved=\"2ahUKEwiF46P_yPKBAxWWTKQEHf6EDCEQkCl6BAg6EAA\">\n<div class=\"Z1hOCe\"><\/div>\n<\/div>\n<\/div>\n<h2><\/h2>\n","protected":false},"excerpt":{"rendered":"<p>Les cr\u00e9ations Saint-Emett sont visibles \u00a0et toutes les statuettes pr\u00e9sent\u00e9es sur notre site peuvent\u00a0 \u00eatre command\u00e9es aupr\u00e8s de nos boutiques partenaires : Au PLAT D&#8217;ETAIN\u00a0 \u00a0 \u00a0 \u00a0 \u00a016\u00a0 rue Guisarde 75006 PARIS\u00a0 \u00a0 \u00a0 [&hellip;]<\/p>\n","protected":false},"author":1,"featured_media":0,"parent":0,"menu_order":0,"comment_status":"closed","ping_status":"closed","template":"","meta":{"footnotes":""},"class_list":["post-137","page","type-page","status-publish","hentry","clearfix"],"_links":{"self":[{"href":"https:\/\/artifexcomics.fr\/index.php\/wp-json\/wp\/v2\/pages\/137","targetHints":{"allow":["GET"]}}],"collection":[{"href":"https:\/\/artifexcomics.fr\/index.php\/wp-json\/wp\/v2\/pages"}],"about":[{"href":"https:\/\/artifexcomics.fr\/index.php\/wp-json\/wp\/v2\/types\/page"}],"author":[{"embeddable":true,"href":"https:\/\/artifexcomics.fr\/index.php\/wp-json\/wp\/v2\/users\/1"}],"replies":[{"embeddable":true,"href":"https:\/\/artifexcomics.fr\/index.php\/wp-json\/wp\/v2\/comments?post=137"}],"version-history":[{"count":62,"href":"https:\/\/artifexcomics.fr\/index.php\/wp-json\/wp\/v2\/pages\/137\/revisions"}],"predecessor-version":[{"id":3248,"href":"https:\/\/artifexcomics.fr\/index.php\/wp-json\/wp\/v2\/pages\/137\/revisions\/3248"}],"wp:attachment":[{"href":"https:\/\/artifexcomics.fr\/index.php\/wp-json\/wp\/v2\/media?parent=137"}],"curies":[{"name":"wp","href":"https:\/\/api.w.org\/{rel}","templated":true}]}}