{"id":100,"date":"2017-01-11T11:22:20","date_gmt":"2017-01-11T10:22:20","guid":{"rendered":"https:\/\/artifexcomics.fr\/?page_id=100"},"modified":"2024-12-13T12:31:09","modified_gmt":"2024-12-13T11:31:09","slug":"conditions-generales-de-vente","status":"publish","type":"page","link":"https:\/\/artifexcomics.fr\/index.php\/figurines-tontons-flingueurs-2\/conditions-generales-de-vente\/","title":{"rendered":"Conditions G\u00e9n\u00e9rales de Vente"},"content":{"rendered":"<p><strong>\u00a0<\/strong><\/p>\n<h2>CONDITIONS DE VENTE ET D&#8217;UTILISATION<\/h2>\n<p><span style=\"color: #000000;\">Il est pr\u00e9alablement pr\u00e9cis\u00e9 que les pr\u00e9sentes conditions r\u00e9gissent les ventes, par la soci\u00e9t\u00e9 ARTIFEX COMICS SL sur son site artifexcomics.fr ou en direct par des revendeurs professionnels, de figurines,objets moul\u00e9s en r\u00e9sine soit des cr\u00e9ations originales soit d\u00e9riv\u00e9s de films de cin\u00e9ma, de t\u00e9l\u00e9vision, de dessins anim\u00e9s, bandes dessin\u00e9s ou de tous supports m\u00e9dia. Les produits sont tous vendus neufs et dans leur emballage d&#8217;origine, certaines s\u00e9ries sont num\u00e9rot\u00e9es et accompagn\u00e9es d&#8217;un certificat d&#8217;authenticit\u00e9. Les caract\u00e9ristiques des produits pr\u00e9sent\u00e9s peuvent \u00eatres modifi\u00e9s sans pr\u00e9avis par ARTIFEX COMICS SL. Les photographies des produits ne sont pas contractuelles. Les figurines ou objets \u00e9tant peints \u00e0 la main peuvent pr\u00e9senter de l\u00e9g\u00e8res diff\u00e9rences de teintes. La soci\u00e9t\u00e9\u00a0ARTIFEX COMICS SL \u00a0d\u00e9gage toute responsabilit\u00e9 quant \u00e0 l&#8217;utilisation ou au contenu des produits command\u00e9s. Il est interdit de proc\u00e9der \u00e0 toutes copies.Toutes utilisations de l&#8217;image des figurines cr\u00e9\u00e9es par Saint-Emett ou objets \u00e0 des fins commerciales doivent faire l&#8217;objet d&#8217;un accord de la soci\u00e9t\u00e9 ARTIFEX COMICS SL et de Saint-Emett.<\/span><\/p>\n<p><span style=\"color: #000000;\"><strong>ARTICLE 1 &#8211; PRIX<\/strong><\/span><br \/>\n<span style=\"color: #000000;\"> 1.1 &#8211; Les prix de nos produits sont indiqu\u00e9s en euros toutes taxes comprises hors participation aux frais de traitement et d&#8217;exp\u00e9dition.<\/span><br \/>\n<span style=\"color: #000000;\"> 1.2 &#8211; En cas de commande vers un pays autre que la France m\u00e9tropolitaine vous \u00eates l&#8217;importateur du ou des produits concern\u00e9s. Pour tous les produits exp\u00e9di\u00e9s hors Union Europ\u00e9enne et DOM-TOM, des droits de douane ou autres taxes locales ou droits d&#8217;importation ou taxes d&#8217;Etat sont susceptibles d&#8217;\u00eatre exigibles. Ces droits et sommes ne rel\u00e8vent pas du ressort d&#8217;ARTIFEX COMICS SL. Ils seront \u00e0 votre charge et rel\u00e8vent de votre enti\u00e8re responsabilit\u00e9 tant en termes de d\u00e9clarations que de paiements aux autorit\u00e9s et organismes comp\u00e9tents de votre pays. Nous vous conseillons de vous renseigner sur ces aspects aupr\u00e8s de vos autorit\u00e9s locales.<\/span><br \/>\n<span style=\"color: #000000;\"> 1.3 &#8211; Toutes les commandes quelle que soit leur origine sont payables en Euros.<\/span><br \/>\n<span style=\"color: #000000;\"> 1.4 \u2013 ARTIFEX COMICS SL se r\u00e9serve le droit de modifier ses prix \u00e0 tout moment, les produits seront factur\u00e9s sur la base des tarifs en vigueur au moment de l&#8217;enregistrement des commandes sous r\u00e9serve d&#8217;\u00e9ventuelles erreurs de saisie ou de modifications du prix ou du taux de TVA espagnol. Les produits demeurent la propri\u00e9t\u00e9 d&#8217;ARTIFEX COMICS SL jusqu&#8217;au complet paiement du prix.<\/span><br \/>\n<span style=\"color: #000000;\"> 1.5 &#8211; En cas d&#8217;erreur manifeste de prix sur le site, synonyme de vente \u00e0 perte, ARTIFEX COMICS SL proc\u00e8dera syst\u00e9matiquement au remboursement de l&#8217;achat en re-cr\u00e9ditant le compte bancaire du client si ce dernier a r\u00e9gl\u00e9 ses achats par carte bancaire ou virement bancaire ou bien en renvoyant son ch\u00e8que au client en Accus\u00e9 de R\u00e9ception. Le client ne pourra en aucun cas pr\u00e9tendre \u00e0 la livraison de sa commande ni \u00e0 un quelconque d\u00e9dommagement financier de la part d&#8217;ARTIFEX COMICS SL. Cette disposition r\u00e9pond \u00e0 l&#8217;interdiction de vente \u00e0 perte de la loi fran\u00e7aise.<\/span><\/p>\n<p><span style=\"color: #000000;\"><strong>ARTICLE 2 &#8211; COMMANDE<\/strong><\/span><br \/>\n<span style=\"color: #000000;\"> 2.1 &#8211; G\u00e9n\u00e9ralit\u00e9 sur l&#8217;enregistrement des commandes et leur validation Sur Internet : https:\/\/artifexcomics.fr Les informations contractuelles sont pr\u00e9sent\u00e9es en langue fran\u00e7aise. Dans le cadre de la lutte contre les fraudes sur Internet, les informations relatives \u00e0 la commande de l&#8217;acheteur pourront \u00eatre transmises \u00e0 des tiers pour v\u00e9rification. Pour valider une commande, l&#8217;acheteur doit lire les Conditions G\u00e9n\u00e9rales de Vente, il d\u00e9clare ainsi accepter celles-ci dans leur int\u00e9gralit\u00e9 pleinement et sans r\u00e9serve. Toute commande parvenue \u00e0 ARTIFEX COMICS SL par le biais de https:\/\/artifexcomics.fr est r\u00e9put\u00e9e ferme et d\u00e9finitive. Aucune commande ne pourra \u00eatre prise en compte \u00e0 d\u00e9faut d&#8217;un complet paiement. Lors d&#8217;un paiement par ch\u00e8que par le client, la commande sera effective que lorsque celui-ci sera cr\u00e9dit\u00e9 sur le compte d&#8217;ARTIFEX COMICS SL. ARTIFEX COMICS SL se r\u00e9serve le droit d&#8217;annuler toute commande d&#8217;un client avec lequel il existerait un litige relatif au paiement d&#8217;une commande ant\u00e9rieure. Les informations contenues dans nos publicit\u00e9s, nos brochures, tout autre document \u00e9crit, sur notre site internet constituent une invitation \u00e0 entrer en pourparlers. Aucune de ces informations ne constitue une offre contractuelle de notre part de fournir des produits.<\/span><br \/>\n<span style=\"color: #000000;\"> 2.2 &#8211; Commande sur stock fournisseurs, pr\u00e9-commandes: Fonctionnement et annulation &#8211; Pour les commandes d&#8217;un montant inf\u00e9rieur \u00e0 100\u20ac, une annulation du client avant la date de livraison d\u00e9finie fera l&#8217;objet d&#8217;un remboursement sous forme d&#8217;un avoir ou d&#8217;un bon d&#8217;achat \u00e0 valoir sur notre site. &#8211; En cas de retard de livraison sup\u00e9rieur \u00e0 90 jours apr\u00e8s la date de livraison pr\u00e9vue lors de la pr\u00e9commande, nous nous engageons \u00e0 rembourser l&#8217;accompte et \u00e0 annuler la commande sur simple demande par email. &#8211; Si la fiche produit n&#8217;indique pas de date de livraison ou de distribution, il incombe au client de nous contacter afin de connaitre l&#8217;estimation du d\u00e9lai de livraison ou de distribution. La date donn\u00e9e au moment de la commande tiendra lieu de date de r\u00e9f\u00e9rence. &#8211; L&#8217;annulation avant les 90 jours de retard de livraison pr\u00e9c\u00e9dement cit\u00e9s entraine la perte de l&#8217;accompte de 30% vers\u00e9 au moment de la commande, ou la premi\u00e8re mensualit\u00e9 en cas de paiement en 3X par CB, ou une p\u00e9nalit\u00e9 de 30% du prix du produit quelque soit son montant. &#8211; Pour les pr\u00e9commandes d&#8217;un montant sup\u00e8rieur \u00e0 100\u20ac, nous vous invitons par email, 8 jours avant la livraison de votre commande, \u00e0 r\u00e9gler le solde de votre commande. 2 relances sont envoy\u00e9es en cas de non-r\u00e9ponse et les articles command\u00e9s sont r\u00e9serv\u00e9s durant 30 jours. Sans r\u00e8glement de votre part dans ce d\u00e9lai de 30 jours, la commande est annul\u00e9e, le produit remis en vente et l&#8217;accompte ne peut \u00eatre restitu\u00e9.<\/span><\/p>\n<p><span style=\"color: #000000;\"><strong>ARTICLE 3 &#8211; VALIDATION<\/strong><\/span><br \/>\n<span style=\"color: #000000;\"> Les donn\u00e9es enregistr\u00e9es par https:\/\/artifexcomics.fr constituent la preuve de l&#8217;ensemble des transactions pass\u00e9es par https:\/\/artifexcomics.fr et ses clients.<\/span><\/p>\n<p><span style=\"color: #000000;\"><strong>ARTICLE 4 &#8211; DISPONIBILITE<\/strong><\/span><br \/>\n<span style=\"color: #000000;\"> Nos offres de produits et prix sont valables tant qu&#8217;il n&#8217;est pas indiqu\u00e9 la mention\u00ab\u00e9puis\u00e9\u00bb sur la photo de la figurine ou objet du site. Nos offres de produits sont propos\u00e9es dans la limite des stocks disponibles. Dans ce cadre, des indications sur la disponibilit\u00e9 des produits vous sont fournies au moment de la passation de votre commande. Quand la figurine ou objet fait l&#8217;objet d&#8217;un tirage limit\u00e9 et num\u00e9rot\u00e9, lorsque le quota est atteint aucune pi\u00e8ce n&#8217;est plus disponible. En cas de commande, la vente sera annul\u00e9e, le paiement client rembours\u00e9 sans qu&#8217;il y ai d\u00e9dommagement de la part\u00a0d&#8217;ARTIFEX COMICS SL. En cas d&#8217;indisponibilit\u00e9 de produit apr\u00e8s passation de votre commande nous vous en informerons par mail dans les meilleurs d\u00e9lais et vous pourrez alors annuler votre commande selon les modalit\u00e9s pr\u00e9vues. Paiement par ch\u00e8que ou carte bancaire, en cas d&#8217;indisponibilit\u00e9 d&#8217;une partie de la commande, le remboursement s&#8217;effectuera par ch\u00e8que au plus tard dans les trente jours \u00e0 compter du paiement des sommes vers\u00e9es. En cas d&#8217;indisponibilit\u00e9 totale, votre ch\u00e8que vous sera renvoy\u00e9.<\/span><\/p>\n<p><span style=\"color: #000000;\"><strong>ARTICLE 5 &#8211; LIVRAISON<\/strong><\/span><br \/>\n<span style=\"color: #000000;\"> Les produits sont livr\u00e9s \u00e0 l&#8217;adresse de livraison que vous avez indiqu\u00e9e au cours du processus de commande. ARTIFEX COMICS SL ne pourra \u00eatre tenu responsable des cons\u00e9quences dues \u00e0 un retard de livraison. La propri\u00e9t\u00e9 et les risques aff\u00e9rents \u00e0 vos Produits seront transf\u00e9r\u00e9s lors de la livraison des Produits. Les d\u00e9passements de d\u00e9lais de livraison ne pourront donner lieu \u00e0 aucun dommage et int\u00e9r\u00eats, ni annulation de commande. Le choix du prestataire sera fait par ARTIFEX COMICS SL sans contestation possible de la part de l&#8217;acqu\u00e9reur.La commande sera trait\u00e9e d\u00e8s r\u00e8glement ou encaissement du ch\u00e8que cr\u00e9dit\u00e9 sur le compte ARTIFEX COMICS SL. En cons\u00e9quence, les d\u00e9lais applicables sont ceux au jour de l&#8217;encaissement du ch\u00e8que ou du r\u00e8glement et peuvent donc \u00eatre modifi\u00e9s par rapport \u00e0 ceux mentionn\u00e9s au jour de la passation de la commande. L&#8217;acheteur doit v\u00e9rifier la qualit\u00e9, la quantit\u00e9 des produits livr\u00e9s et reporter toute anomalie constat\u00e9e sous forme de r\u00e9serves manuscrites sur le bon de livraison accompagn\u00e9 de sa signature. En cas de livraison par un transporteur, vous devrez \u00e9galement confirmer les r\u00e9serves au transporteur au plus tard dans les deux jours ouvrables suivant la r\u00e9ception du ou des articles et transmettre une copie de ce courrier par mail \u00e0 artifexcomics@gmail.com. Pass\u00e9 ce d\u00e9lai, ARTIFEX COMICS SL ne traitera plus les r\u00e9clamations.<\/span><\/p>\n<p><span style=\"color: #000000;\"><strong>ARTICLE 6 &#8211; PAIEMENT<\/strong><\/span><br \/>\n<span style=\"color: #000000;\"> 6.1 &#8211; Mode r\u00e8glement. &#8211; soit par virement bancaire. Tous les frais sont \u00e0 la charge du client &#8211; soit par PayPal. &#8211; soit par ch\u00e8que bancaire en Euros et provenant d&#8217;une banque fran\u00e7aise. Pour toute commande sup\u00e9rieure ou \u00e9gale 150 euro TTC, joindre une photocopie de votre pi\u00e8ce d&#8217;identit\u00e9. Les produits command\u00e9s par ch\u00e8que sont mis en attente durant 5 jours, au del\u00e0 de ce d\u00e9lai, ils sont de nouveau ajout\u00e9s \u00e0 notre stock et peuvent ne plus \u00eatre disponibles dans le cas d&#8217;un envoi tardif de votre r\u00e8glement. La mise \u00e0 l&#8217;encaissement du ch\u00e8que est r\u00e9alis\u00e9e \u00e0 la r\u00e9ception de celui-ci si le produit est toujours disponible. Sinon,il vous sera retourn\u00e9.<\/span><br \/>\n<span style=\"color: #000000;\"> 6.2 &#8211; Poursuite en cas de non paiement En cas de non paiement ou de r\u00e9pudiation du r\u00e8glement par carte bancaire par le client apr\u00e8s la r\u00e9ception des produits achet\u00e9s sur le site https:\/\/artifexcomics.fr, la direction d&#8217;ARTIFEX COMICS SL se r\u00e9serve le droit de mettre en demeure ou d&#8217;assigner en justice le client. Les frais de recouvrement reviennent \u00e0 la charge du client et le montant de sa dette se trouvera syst\u00e9matiquement major\u00e9 de 30% du montant TTC des sommes dues pour impay\u00e9 et le taux d&#8217;int\u00e9r\u00eat en vigueur au moment de la commande sera \u00e9galement applicable (TIG 2008: 3,72%). Tout refus de paiement apr\u00e8s mise en demeure se verra poursuivre sous 8 jours apr\u00e8s r\u00e9ception du courrier recommand\u00e9 de mise en demeure devant les tribunaux comp\u00e9tents.<\/span><\/p>\n<p><span style=\"color: #000000;\"><strong>ARTICLE 7 &#8211; VOTRE DROIT DE RETOURNER LES PRODUITS<\/strong><\/span><br \/>\n<span style=\"color: #000000;\"> 7.1 &#8211; Vous disposez d&#8217;un d\u00e9lai de 7 jours \u00e0 compter de la r\u00e9ception pour retourner le produit, dans son emballage d&#8217;origine, qui ne vous conviendrait pas \u00e0 condition que le dit produit n&#8217;ait pas \u00e9t\u00e9 utilis\u00e9 et que le scell\u00e9 d&#8217;origine soit encore en place sur l&#8217;emballage. Les frais d&#8217;envoi et de retour seront alors \u00e0 votre charge. Seul le prix du ou des produits achet\u00e9s sera rembours\u00e9, sans jamais pouvoir l&#8217;exc\u00e9der<\/span><br \/>\n<span style=\"color: #000000;\"> 7.2 &#8211; Le pr\u00e9sent droit de retour ne pourra \u00eatre accept\u00e9 que pour les produits complets, dans leur \u00e9tat d&#8217;origine (emballage, accessoires, notice etc ) Les figurines ou objets retourn\u00e9s incomplets, ab\u00eem\u00e9s, endommag\u00e9s ou salis par le Client ne pourront pas \u00eatre repris. Les cr\u00e9ations sp\u00e9cifiques originales \u00e0 la demande de clients ne pourront etre retourn\u00e9es.<\/span><br \/>\n<span style=\"color: #000000;\"> 7.4 &#8211; Nous nous engageons \u00e0 vous rembourser, ou \u00e0 vous \u00e9changer les produits ne correspondant pas \u00e0 votre commande (d\u00e9fectueux ou non conformes). Ces remboursements seront effectu\u00e9s dans un d\u00e9lai inf\u00e9rieur ou \u00e9gal \u00e0 30 jours apr\u00e8s la r\u00e9ception des produits par nos soins. Le remboursement s&#8217;effectuera au choix d&#8217;ARTIFEX COMICS SL par virement sur compte bancaire, par virement PayPal adress\u00e9 au nom du client ayant pass\u00e9 la commande et \u00e0 l&#8217;adresse de facturation, ou ch\u00e9que.<\/span><\/p>\n<p><span style=\"color: #000000;\"><strong>ARTICLE 8 &#8211; SERVICE CLIENTELE<\/strong><\/span><br \/>\n<span style=\"color: #000000;\"> Vous pouvez \u00e9galement nous contacter par notre zone Contacts sur notre site internet<\/span><\/p>\n<p><span style=\"color: #000000;\"><strong>ARTICLE 9 &#8211; GARANTIE &#8211; RETOUR<\/strong><\/span><br \/>\n<span style=\"color: #000000;\"> En toute hypoth\u00e8se vous b\u00e9n\u00e9ficiez de la garantie l\u00e9gale des vices cach\u00e9s. Pour pouvoir b\u00e9n\u00e9ficier de la garantie des produits il convient imp\u00e9rativement de conserver la facture d&#8217;achat du produit. Tous les frais de transport, aller-retour, du ou des produits est \u00e0 la charge de l&#8217;acheteur.<\/span><\/p>\n<p><span style=\"color: #000000;\"><strong>ARTICLE 10 &#8211; PROPRIETE INTELLECTUELLE<\/strong><\/span><br \/>\n<span style=\"color: #000000;\"> Toutes les figurines, objets, textes, commentaires, ouvrages, illustrations et images reproduits sur le site https:\/\/artifexcomics.fr sont r\u00e9serv\u00e9s au titre du droit d&#8217;auteur ainsi qu&#8217;au titre de la propri\u00e9t\u00e9 intellectuelle. A ce titre et conform\u00e9ment aux dispositions du Code de la Propri\u00e9t\u00e9 Intellectuelle, seule l&#8217;utilisation pour un usage priv\u00e9 sous r\u00e9serve de dispositions diff\u00e9rentes voir plus restrictives du code de la propri\u00e9t\u00e9 intellectuelle. Toutes autres utilisations sont constitutives de contrefa\u00e7on et sanctionn\u00e9es au titre de la Propri\u00e9t\u00e9 Intellectuelle sauf autorisation pr\u00e9alable d&#8217;ARTIFEX COMICS SL. Toutes reproductions totales ou partielles du site et des figurines et objets https:\/\/artifexcomics.fr sont strictement interdites.<\/span><\/p>\n<p><span style=\"color: #000000;\"><strong>ARTICLE 11- RESPONSABILITE<\/strong><\/span><br \/>\n<span style=\"color: #000000;\"> Les produits propos\u00e9s sont conformes \u00e0 la l\u00e9gislation fran\u00e7aise en vigueur. ne saurait \u00eatre tenu pour responsable de l&#8217;inex\u00e9cution du contrat conclu en cas de rupture de stock ou indisponibilit\u00e9 du produit, de force majeure, de perturbation ou gr\u00e8ve totale ou partielle notamment des services postaux et moyens de transport et communications, inondation, incendie. ARTIFEX COMICS SL n&#8217;encourra aucune responsabilit\u00e9 pour tous dommages indirects du fait des pr\u00e9sentes, perte d&#8217;exploitation, perte de profit, perte de chance, dommages ou frais. Des liens hypertextes peuvent renvoyer vers d&#8217;autres sites que le site .https:\/\/artifexcomics.fr; ARTFIFEX COMICS se d\u00e9gage de toute responsabilit\u00e9 dans le cas ou le contenu de ces sites ne contreviendrait pas aux dispositions l\u00e9gales et r\u00e9glementaires en vigueur.<\/span><\/p>\n<p><span style=\"color: #000000;\"><strong>ARTICLE 12 &#8211; DROIT APPLICABLE &#8211; LITIGES<\/strong><\/span><br \/>\n<span style=\"color: #000000;\"> Le pr\u00e9sent contrat est soumis \u00e0 la loi fran\u00e7aise. La langue du pr\u00e9sent contrat est la langue fran\u00e7aise. Tous litiges seront soumis au tribunal de commerce comp\u00e9tent m\u00eame en cas de pluralit\u00e9 des d\u00e9fendeurs et d&#8217;appel en garantie.<\/span><\/p>\n<p><span style=\"color: #000000;\"><strong>ARTICLE 13 &#8211; INFORMATIONS NOMINATIVES<\/strong><\/span><br \/>\n<span style=\"color: #000000;\"> ARTIFEX COMICS SL s&#8217;engage \u00e0 ne pas divulguer \u00e0 des tiers les informations que vous lui communiquez. Celles-ci sont confidentielles. Elles ne seront utilis\u00e9es par ses services internes que pour le traitement de votre commande et que pour renforcer et personnaliser la communication et l&#8217;offre de produits entre vous et PITSTOP SARL, notamment par des lettres d&#8217;informations et des offres promotionnelles. Notre site est \u00e9galement con\u00e7u pour \u00eatre particuli\u00e8rement attentif aux besoins de nos clients. C&#8217;est entre autres pour cela que nous faisons usage de cookies. Le cookie a pour but de signaler votre passage sur notre site. Les cookies ne sont donc utilis\u00e9s par https:\/\/artifexcomics.fr que dans le but d&#8217;am\u00e9liorer le service personnalis\u00e9 qui vous est destin\u00e9. Le pr\u00e9sent article ne pourra emp\u00eacher la cession ni le transfert d&#8217;activit\u00e9s \u00e0 un tiers. En aucun cas vos coordonn\u00e9es sont susceptibles d&#8217;\u00eatre communiqu\u00e9es \u00e0 des tiers. Conform\u00e9ment \u00e0 la loi informatique et libert\u00e9s du 6 janvier 1978, vous disposez d&#8217;un droit d&#8217;acc\u00e8s, de rectification, et d&#8217;opposition aux donn\u00e9es personnelles vous concernant. Pour cela il suffit de nous en faire la demande en ligne ou par courrier en nous indiquant vos nom, pr\u00e9nom, adresse et si possible votre r\u00e9f\u00e9rence client.<\/span><\/p>\n<p><span style=\"color: #000000;\"><strong>ARTICLE 14 . RESERVE DE PROPRIETE<\/strong><\/span><br \/>\n<span style=\"color: #000000;\"> Les produits sont vendus par ARTIFEX COMICS SL sous r\u00e9serve de propri\u00e9t\u00e9. ARTIFEX COMICS SL conserve la propri\u00e9t\u00e9 des produits jusqu&#8217;au paiement complet et effectif du prix par l&#8217;acheteur et ce y compris dans le cas de redressement et \/ou liquidation de l&#8217;acheteur, tel que pr\u00e9cise l&#8217;article 121 alin\u00e9a 2 de la loi du 25 janvier 1985. Dans le cas d&#8217;une vente \u00e0 cr\u00e9dit, le pr\u00eateur est subrog\u00e9 dans les droits d&#8217;ARTIFEX COMICS SL au titre de la pr\u00e9sente clause de r\u00e9serve de propri\u00e9t\u00e9. Ces dispositions ne font pas obstacle au transfert des risques que peuvent couvrir ou occasionner le ou les produits vendus, \u00e0 compter du jour de la livraison des produits. L&#8217;acheteur s&#8217;engage, jusqu&#8217;au complet paiement du prix, \u00e0 ne pas transformer, ni incorporer les produits, ni \u00e0 les revendre ou le mettre \u00e0 gage, sous peine de revendication imm\u00e9diate par ARTIFEX COMICS SL, les frais et risques de la restitution des produits vendus \u00e9tant \u00e0 la charge exclusive de l&#8217;acheteur.<\/span><\/p>\n<p><span style=\"color: #000000;\"><strong>INFORMATIONS LEGALES<\/strong><\/span><br \/>\n<span style=\"color: #000000;\"> https:\/\/artifexcomics.fr appartient \u00e0 ARTIFEX COMICS SL Carre Nou, Num 63, Planta 1, Puerta 6 17600 FIGUERES<\/span><\/p>\n<p><span style=\"color: #000000;\"><strong>NIF : B55251524<\/strong><\/span><\/p>\n<p><span style=\"color: #000000;\"><strong>TVA: ESB55251524<\/strong><\/span><\/p>\n<p><span style=\"color: #000000;\">Administrateur du site et responsable de la parution E. Denojean (co-g\u00e9rant Artifex Comics sl)<\/span><\/p>\n<p><span style=\"color: #000000;\">site h\u00e9bergeur :\u00a0 Web : http:\/\/www.ovh.com<\/span><\/p>\n","protected":false},"excerpt":{"rendered":"<p>\u00a0 CONDITIONS DE VENTE ET D&#8217;UTILISATION Il est pr\u00e9alablement pr\u00e9cis\u00e9 que les pr\u00e9sentes conditions r\u00e9gissent les ventes, par la soci\u00e9t\u00e9 ARTIFEX COMICS SL sur son site artifexcomics.fr ou en direct par des revendeurs professionnels, de [&hellip;]<\/p>\n","protected":false},"author":1,"featured_media":0,"parent":4,"menu_order":0,"comment_status":"closed","ping_status":"closed","template":"","meta":{"footnotes":""},"class_list":["post-100","page","type-page","status-publish","hentry","clearfix"],"_links":{"self":[{"href":"https:\/\/artifexcomics.fr\/index.php\/wp-json\/wp\/v2\/pages\/100","targetHints":{"allow":["GET"]}}],"collection":[{"href":"https:\/\/artifexcomics.fr\/index.php\/wp-json\/wp\/v2\/pages"}],"about":[{"href":"https:\/\/artifexcomics.fr\/index.php\/wp-json\/wp\/v2\/types\/page"}],"author":[{"embeddable":true,"href":"https:\/\/artifexcomics.fr\/index.php\/wp-json\/wp\/v2\/users\/1"}],"replies":[{"embeddable":true,"href":"https:\/\/artifexcomics.fr\/index.php\/wp-json\/wp\/v2\/comments?post=100"}],"version-history":[{"count":10,"href":"https:\/\/artifexcomics.fr\/index.php\/wp-json\/wp\/v2\/pages\/100\/revisions"}],"predecessor-version":[{"id":679,"href":"https:\/\/artifexcomics.fr\/index.php\/wp-json\/wp\/v2\/pages\/100\/revisions\/679"}],"up":[{"embeddable":true,"href":"https:\/\/artifexcomics.fr\/index.php\/wp-json\/wp\/v2\/pages\/4"}],"wp:attachment":[{"href":"https:\/\/artifexcomics.fr\/index.php\/wp-json\/wp\/v2\/media?parent=100"}],"curies":[{"name":"wp","href":"https:\/\/api.w.org\/{rel}","templated":true}]}}